{"id":1694,"date":"2025-04-16T08:46:57","date_gmt":"2025-04-16T08:46:57","guid":{"rendered":"https:\/\/smalandsstenarhotell.se\/?page_id=1694"},"modified":"2025-07-01T11:09:18","modified_gmt":"2025-07-01T11:09:18","slug":"galleri","status":"publish","type":"page","link":"https:\/\/smalandsstenarhotell.se\/da\/galleri\/","title":{"rendered":"Galleri"},"content":{"rendered":"<p><style>@media (min-width: 992px) { .liquid-row-responsive-69f0b1d1ccaea {padding-top:270px !important; padding-bottom:270px !important;  }  }    <\/style><section data-row-bg=\"https:\/\/smalandsstenarhotell.se\/wp-content\/uploads\/2025\/05\/galleri01.jpg?id=1890\" style=\"background-position:50% 50% !important;\" data-bg-image=\"url\" class=\"vc_row vc_custom_1747827399754 liquid-row-responsive-69f0b1d1ccaea liquid-row-shadowbox-69f0b1d1ccb00 vc_row-has-fill vc_row-has-bg lqd-has-bg-markup row-bg-appended\"><span class=\"row-bg-loader\"><\/span><div class=\"row-bg-wrap\">\n\t\t<div class=\"row-bg-inner\">\n\t\t\t<figure class=\"row-bg\" ><\/figure>\n\t\t<\/div>\n\t<\/div><div class=\"liquid-row-overlay\" style=\"background:rgba(0, 0, 0, 0.25)\"><\/div><div class=\"one-row_bottom_divider\" style=\"height:96px;\"><svg fill=\"#ffffff\" xmlns=\"http:\/\/www.w3.org\/2000\/svg\" width=\"1440\" height=\"100\" viewbox=\"0 0 1440 100\" preserveaspectratio=\"none\">\n\t\t\t\t\t\t\t\t<path id=\"Row_Separator\" data-name=\"Row Separator\" d=\"M1440,0Q1080,99,720,99T0,0V100H1440Z\" \/>\n\t\t\t\t\t\t\t<\/svg><\/div><div class=\"ld-container container\"><div class=\"row ld-row ld-row-outer vc_row-o-content-middle vc_row-flex\"><style>@media (min-width: 768px) { .liquid-column-responsive-69f0b1d1ccf16 > .vc_column-inner {margin-bottom:0px !important;  }  } <\/style><div class=\"wpb_column vc_column_container vc_col-sm-12 text-center liquid-column-69f0b1d1ccf15 liquid-column-responsive-69f0b1d1ccf16\"><div class=\"vc_column-inner  vc_custom_1734471638072\" ><div class=\"wpb_wrapper\"  ><style>.ld_fancy_heading_69f0b1d1cd007 h1{color:rgb(255, 255, 255);}.ld_fancy_heading_69f0b1d1cd007 h1 {font-size:46px; } @media (min-width: 768px) { .ld_fancy_heading_69f0b1d1cd007 h1 {font-size:50px; }  } @media (min-width: 992px) { .ld_fancy_heading_69f0b1d1cd007 h1 {font-size:68px; }  } @media (min-width: 992px) { .ld_fancy_heading_69f0b1d1cd007 h1 {line-height:1em; }  } @media (min-width: 992px) { .ld_fancy_heading_69f0b1d1cd007 h1 {--element-line-height:1em; }  } @media (min-width: 992px) { .ld_fancy_heading_69f0b1d1cd007 h1 {font-weight:700; }  } .ld_fancy_heading_69f0b1d1cd007 .lqd-highlight-inner{height:0.275em!important;bottom:0px!important;}.ld_fancy_heading_69f0b1d1cd007 h1 {font-size:46px; } @media (min-width: 768px) { .ld_fancy_heading_69f0b1d1cd007 h1 {font-size:50px; }  } @media (min-width: 992px) { .ld_fancy_heading_69f0b1d1cd007 h1 {font-size:68px; }  } @media (min-width: 992px) { .ld_fancy_heading_69f0b1d1cd007 h1 {line-height:1em; }  } @media (min-width: 992px) { .ld_fancy_heading_69f0b1d1cd007 h1 {--element-line-height:1em; }  } @media (min-width: 992px) { .ld_fancy_heading_69f0b1d1cd007 h1 {font-weight:700; }  } <\/style><div class=\"ld-fancy-heading ld_fancy_heading_69f0b1d1cd007\">\n\t<h1 class=\"ld-fh-element lqd-highlight-underline lqd-highlight-grow-left text-decoration-default\"   >  Kom og bes\u00f8g os<\/h1><\/div><\/div><\/div><\/div><\/div><\/div><\/section><style>@media (min-width: 992px) { .liquid-row-responsive-69f0b1d1cd34b {margin-top:60px !important;  }  }    <\/style><section class=\"vc_row vc_custom_1747827480087 liquid-row-responsive-69f0b1d1cd34b liquid-row-shadowbox-69f0b1d1cd357\"><div class=\"ld-container container\"><div class=\"row ld-row ld-row-outer\"><style>@media (min-width: 992px) { .liquid-column-responsive-69f0b1d1cd5d0 > .vc_column-inner {margin-bottom:5px !important;  }  } <\/style><div class=\"wpb_column vc_column_container vc_col-sm-12 text-md-center liquid-column-69f0b1d1cd5cf liquid-column-responsive-69f0b1d1cd5d0\"><div class=\"vc_column-inner  vc_custom_1734471707616\" ><div class=\"wpb_wrapper\"  ><style>.ld_fancy_heading_69f0b1d1cd690 h2 {font-size:28px; } @media (min-width: 992px) { .ld_fancy_heading_69f0b1d1cd690 h2 {font-size:42px; }  } .ld_fancy_heading_69f0b1d1cd690 h2 {margin-bottom:0.35em !important;  } .ld_fancy_heading_69f0b1d1cd690 .lqd-highlight-inner{height:0.275em!important;bottom:0px!important;}.ld_fancy_heading_69f0b1d1cd690 h2 {font-size:28px; } @media (min-width: 992px) { .ld_fancy_heading_69f0b1d1cd690 h2 {font-size:42px; }  } .ld_fancy_heading_69f0b1d1cd690 h2 {margin-bottom:0.35em !important;  } <\/style><div class=\"ld-fancy-heading ld_fancy_heading_69f0b1d1cd690\">\n\t<h2 class=\"ld-fh-element lqd-highlight-underline lqd-highlight-grow-left text-decoration-default\"   >  Billedgalleri - v\u00e6relser, milj\u00f8er og m\u00f8delokaler<\/h2><\/div><style>@media (min-width: 992px) { .liquid-row-responsive-69f0b1d1cd8e6 {margin-bottom:20px !important;  }  }  <\/style><div class=\"vc_row vc_inner vc_row-fluid liquid-row-responsive-69f0b1d1cd8e6 liquid-row-shadowbox-69f0b1d1cd8f2\"><div class=\"ld-container container-fluid\"><div class=\"row ld-row ld-row-inner\"><div class=\"wpb_column vc_column_container vc_col-sm-2 liquid-column-69f0b1d1cdb5c\"><div class=\"vc_column-inner\" ><div class=\"wpb_wrapper\" ><\/div><\/div><\/div><div class=\"wpb_column vc_column_container vc_col-sm-8 liquid-column-69f0b1d1cdd4f\"><div class=\"vc_column-inner\" ><div class=\"wpb_wrapper\" ><style>.ld_fancy_heading_69f0b1d1cde1b .lqd-highlight-inner{height:0.275em!important;bottom:0px!important;}<\/style><div class=\"ld-fancy-heading ld_fancy_heading_69f0b1d1cde1b\">\n\t<p class=\"ld-fh-element lqd-highlight-underline lqd-highlight-grow-left text-decoration-default\"   >  Velkommen til vores billedgalleri! Her kan du f\u00e5 en fornemmelse af, hvordan der ser ud her - fra vores hyggelige hotelv\u00e6relser til moderne konferencelokaler og f\u00e6llesomr\u00e5der.<\/p><\/div><\/div><\/div><\/div><div class=\"wpb_column vc_column_container vc_col-sm-2 liquid-column-69f0b1d1ce0cd\"><div class=\"vc_column-inner\" ><div class=\"wpb_wrapper\" ><\/div><\/div><\/div><\/div><\/div><\/div><\/div><\/div><\/div><\/div><\/div><\/section><style>@media (min-width: 992px) { .liquid-row-responsive-69f0b1d1ce2d7 {margin-top:0px !important;  }  }    <\/style><section class=\"vc_row vc_custom_1747827499896 liquid-row-responsive-69f0b1d1ce2d7 liquid-row-shadowbox-69f0b1d1ce2e4 vc_column-gap-0\"><div class=\"ld-container container-fluid\"><div class=\"row ld-row ld-row-outer\"><div class=\"wpb_column vc_column_container vc_col-sm-12 liquid-column-69f0b1d1ce541\"><div class=\"vc_column-inner\" ><div class=\"wpb_wrapper\"  >\n\t<div class=\"wpb_raw_code wpb_content_element wpb_raw_html\" >\n\t\t<div class=\"wpb_wrapper\">\n\t\t\t<!-- Elfsight Photo Gallery | Sm\u00e5landsstenar Hotell -->\n<script src=\"https:\/\/static.elfsight.com\/platform\/platform.js\" async><\/script>\n<div class=\"elfsight-app-4131eb85-087e-4628-89cc-482f2e2605c5\" data-elfsight-app-lazy><\/div>\n\t\t<\/div>\n\t<\/div>\n<\/div><\/div><\/div><\/div><\/div><\/section>","protected":false},"excerpt":{"rendered":"Titta in hos oss Bildgalleri \u2013 rum, milj\u00f6er och m\u00f6teslokaler V\u00e4lkommen in i v\u00e5rt bildgalleri! H\u00e4r kan du f\u00e5 en k\u00e4nsla f\u00f6r hur det ser ut hos oss \u2013 fr\u00e5n v\u00e5ra mysiga hotellrum till moderna konferensrum och gemensamma ytor.","protected":false},"author":1,"featured_media":1221,"parent":0,"menu_order":0,"comment_status":"closed","ping_status":"closed","template":"","meta":{"footnotes":""},"class_list":["post-1694","page","type-page","status-publish","has-post-thumbnail","hentry"],"_links":{"self":[{"href":"https:\/\/smalandsstenarhotell.se\/da\/wp-json\/wp\/v2\/pages\/1694","targetHints":{"allow":["GET"]}}],"collection":[{"href":"https:\/\/smalandsstenarhotell.se\/da\/wp-json\/wp\/v2\/pages"}],"about":[{"href":"https:\/\/smalandsstenarhotell.se\/da\/wp-json\/wp\/v2\/types\/page"}],"author":[{"embeddable":true,"href":"https:\/\/smalandsstenarhotell.se\/da\/wp-json\/wp\/v2\/users\/1"}],"replies":[{"embeddable":true,"href":"https:\/\/smalandsstenarhotell.se\/da\/wp-json\/wp\/v2\/comments?post=1694"}],"version-history":[{"count":5,"href":"https:\/\/smalandsstenarhotell.se\/da\/wp-json\/wp\/v2\/pages\/1694\/revisions"}],"predecessor-version":[{"id":2112,"href":"https:\/\/smalandsstenarhotell.se\/da\/wp-json\/wp\/v2\/pages\/1694\/revisions\/2112"}],"wp:featuredmedia":[{"embeddable":true,"href":"https:\/\/smalandsstenarhotell.se\/da\/wp-json\/wp\/v2\/media\/1221"}],"wp:attachment":[{"href":"https:\/\/smalandsstenarhotell.se\/da\/wp-json\/wp\/v2\/media?parent=1694"}],"curies":[{"name":"wp","href":"https:\/\/api.w.org\/{rel}","templated":true}]}}