{"id":3206,"date":"2025-12-08T13:13:16","date_gmt":"2025-12-08T13:13:16","guid":{"rendered":"https:\/\/smalandsstenarhotell.se\/?page_id=3206"},"modified":"2026-02-06T06:56:55","modified_gmt":"2026-02-06T06:56:55","slug":"olprovning","status":"publish","type":"page","link":"https:\/\/smalandsstenarhotell.se\/da\/event\/olprovning\/","title":{"rendered":"Smagning af \u00f8l"},"content":{"rendered":"<p><style>@media (min-width: 992px) { .liquid-row-responsive-69f0b1c64ca9f {padding-top:250px !important; padding-bottom:250px !important;  }  }    <\/style><section data-row-bg=\"https:\/\/smalandsstenarhotell.se\/wp-content\/uploads\/2025\/12\/Romprovning.jpg?id=3176\" style=\"background-position:center top !important;\" data-bg-image=\"url\" class=\"vc_row vc_custom_1764685874817 liquid-row-responsive-69f0b1c64ca9f liquid-row-shadowbox-69f0b1c64cab3 vc_row-has-fill vc_row-has-bg lqd-has-bg-markup row-bg-appended\"><span class=\"row-bg-loader\"><\/span><div class=\"row-bg-wrap\">\n\t\t<div class=\"row-bg-inner\">\n\t\t\t<figure class=\"row-bg\" ><\/figure>\n\t\t<\/div>\n\t<\/div><div class=\"liquid-row-overlay\" style=\"background:rgba(0, 0, 0, 0.25)\"><\/div><div class=\"one-row_bottom_divider\" style=\"height:96px;\"><svg fill=\"#ffffff\" xmlns=\"http:\/\/www.w3.org\/2000\/svg\" width=\"1440\" height=\"100\" viewbox=\"0 0 1440 100\" preserveaspectratio=\"none\">\n\t\t\t\t\t\t\t\t<path id=\"Row_Separator\" data-name=\"Row Separator\" d=\"M1440,0Q1080,99,720,99T0,0V100H1440Z\" \/>\n\t\t\t\t\t\t\t<\/svg><\/div><div class=\"ld-container container\"><div class=\"row ld-row ld-row-outer vc_row-o-content-middle vc_row-flex\"><style>@media (min-width: 768px) { .liquid-column-responsive-69f0b1c64cec9 > .vc_column-inner {margin-bottom:0px !important;  }  } <\/style><div class=\"wpb_column vc_column_container vc_col-sm-12 text-center liquid-column-69f0b1c64cec7 liquid-column-responsive-69f0b1c64cec9\"><div class=\"vc_column-inner  vc_custom_1740089444398\" ><div class=\"wpb_wrapper\"  ><style>.ld_fancy_heading_69f0b1c64cfb4 h1{color:rgb(255, 255, 255);}.ld_fancy_heading_69f0b1c64cfb4 h1 {font-size:46px; } @media (min-width: 768px) { .ld_fancy_heading_69f0b1c64cfb4 h1 {font-size:50px; }  } @media (min-width: 992px) { .ld_fancy_heading_69f0b1c64cfb4 h1 {font-size:68px; }  } @media (min-width: 992px) { .ld_fancy_heading_69f0b1c64cfb4 h1 {line-height:1em; }  } @media (min-width: 992px) { .ld_fancy_heading_69f0b1c64cfb4 h1 {--element-line-height:1em; }  } @media (min-width: 992px) { .ld_fancy_heading_69f0b1c64cfb4 h1 {font-weight:700; }  } .ld_fancy_heading_69f0b1c64cfb4 .lqd-highlight-inner{height:0.275em!important;bottom:0px!important;}.ld_fancy_heading_69f0b1c64cfb4 h1 {font-size:46px; } @media (min-width: 768px) { .ld_fancy_heading_69f0b1c64cfb4 h1 {font-size:50px; }  } @media (min-width: 992px) { .ld_fancy_heading_69f0b1c64cfb4 h1 {font-size:68px; }  } @media (min-width: 992px) { .ld_fancy_heading_69f0b1c64cfb4 h1 {line-height:1em; }  } @media (min-width: 992px) { .ld_fancy_heading_69f0b1c64cfb4 h1 {--element-line-height:1em; }  } @media (min-width: 992px) { .ld_fancy_heading_69f0b1c64cfb4 h1 {font-weight:700; }  } <\/style><div class=\"ld-fancy-heading ld_fancy_heading_69f0b1c64cfb4\">\n\t<h1 class=\"ld-fh-element lqd-highlight-underline lqd-highlight-grow-left text-decoration-default\"   >  Smagning af \u00f8l<\/h1><\/div><\/div><\/div><\/div><\/div><\/div><\/section><style>@media (min-width: 992px) { .liquid-row-responsive-69f0b1c64d9d4 {margin-top:30px !important; padding-top:40px !important;  }  }    <\/style><section class=\"vc_row vc_custom_1741549461273 liquid-row-responsive-69f0b1c64d9d4 liquid-row-shadowbox-69f0b1c64d9e4\"><div class=\"ld-container container\"><div class=\"row ld-row ld-row-outer\"><style>@media (min-width: 992px) { .liquid-column-responsive-69f0b1c64dcfb > .vc_column-inner {margin-bottom:5px !important;  }  } <\/style><div class=\"wpb_column vc_column_container vc_col-sm-12 text-center text-md-left liquid-column-69f0b1c64dcfa liquid-column-responsive-69f0b1c64dcfb\"><div class=\"vc_column-inner  vc_custom_1742558136958\" ><div class=\"wpb_wrapper\"  ><style>@media (min-width: 992px) { .liquid-row-responsive-69f0b1c64df23 {margin-bottom:20px !important;  }  }  <\/style><div class=\"vc_row vc_inner vc_row-fluid liquid-row-responsive-69f0b1c64df23 liquid-row-shadowbox-69f0b1c64df2f vc_column-gap-30\"><div class=\"ld-container container-fluid\"><div class=\"row ld-row ld-row-inner\"><div class=\"wpb_column vc_column_container vc_col-sm-6 text-left liquid-column-69f0b1c64e1d5\"><div class=\"vc_column-inner\" ><div class=\"wpb_wrapper\" ><style>.ld_fancy_heading_69f0b1c64e2d6 h2 {font-size:28px; } @media (min-width: 992px) { .ld_fancy_heading_69f0b1c64e2d6 h2 {font-size:42px; }  } .ld_fancy_heading_69f0b1c64e2d6 h2 {margin-bottom:0.35em !important;  } .ld_fancy_heading_69f0b1c64e2d6 .lqd-highlight-inner{height:0.275em!important;bottom:0px!important;}.ld_fancy_heading_69f0b1c64e2d6 h2 {font-size:28px; } @media (min-width: 992px) { .ld_fancy_heading_69f0b1c64e2d6 h2 {font-size:42px; }  } .ld_fancy_heading_69f0b1c64e2d6 h2 {margin-bottom:0.35em !important;  } <\/style><div class=\"ld-fancy-heading text-left ld_fancy_heading_69f0b1c64e2d6\">\n\t<h2 class=\"ld-fh-element lqd-highlight-underline lqd-highlight-grow-left text-decoration-default\"   >  Smagning af \u00f8l<\/h2><\/div><div class=\"vc_separator wpb_content_element vc_separator_align_center vc_sep_width_100 vc_sep_pos_align_center vc_separator_no_text vc_sep_color_grey vc_custom_1742558072156  vc_custom_1742558072156\" ><span class=\"vc_sep_holder vc_sep_holder_l\"><span  class=\"vc_sep_line\"><\/span><\/span><span class=\"vc_sep_holder vc_sep_holder_r\"><span  class=\"vc_sep_line\"><\/span><\/span>\n<\/div><style>.ld_fancy_heading_69f0b1c64eaa4 .lqd-highlight-inner{height:0.275em!important;bottom:0px!important;}<\/style><div class=\"ld-fancy-heading text-left ld_fancy_heading_69f0b1c64eaa4\">\n\t<p class=\"ld-fh-element lqd-highlight-underline lqd-highlight-grow-left text-decoration-default\"   >  <\/p>\n<p data-start=\"42\" data-end=\"126\"><strong data-start=\"42\" data-end=\"82\">\u00c5rets tredje drikkevaresmagning - \u00d8l \ud83c\udf7a.<\/strong><br data-start=\"82\" data-end=\"85\" \/><em data-start=\"85\" data-end=\"126\">En varm velkomst til en smagfuld aften!<\/em><\/p>\n<p data-start=\"128\" data-end=\"332\">Den 16. april er det tid til \u00e5rets tredje drikkevaresmagning, en aften fyldt med godt selskab, gode smagsoplevelser og ny viden. Oplev det alene eller sammen med kolleger, venner eller familie.<\/p>\n<p data-start=\"334\" data-end=\"475\"><strong data-start=\"334\" data-end=\"379\">Provningen b\u00f6rjar n\u00e4r ni kommer till oss!<\/strong><br data-start=\"379\" data-end=\"382\" \/>Vi \u00f6ppnar d\u00f6rrarna kl. 17.00 och ni genomf\u00f6r provningen p\u00e5 egen hand, i er egen takt.<\/p>\n<p data-start=\"477\" data-end=\"652\">Under kv\u00e4llen provar du fyra noggrant utvalda \u00f6lsorter som vi inte tidigare haft i v\u00e5rt sortiment. \u00d6len serveras n\u00e4r ni \u00e4r redo:<\/p>\n<ul data-start=\"654\" data-end=\"859\">\n<li data-start=\"654\" data-end=\"681\">\n<p data-start=\"656\" data-end=\"681\">En mingle-\u00f8l ved ankomsten<\/p>\n<\/li>\n<li data-start=\"682\" data-end=\"750\">\n<p data-start=\"684\" data-end=\"750\">En liten \u00f6l som passar extra bra till br\u00f6det och salladen vid bordet<\/p>\n<\/li>\n<li data-start=\"751\" data-end=\"802\">\n<p data-start=\"753\" data-end=\"802\">En st\u00e6rkere \u00f8l, der passer til den salte hovedret<\/p>\n<\/li>\n<li data-start=\"803\" data-end=\"859\">\n<p data-start=\"805\" data-end=\"859\">En dessert\u00f6l, utvald f\u00f6r att matcha kv\u00e4llens dessert<\/p>\n<\/li>\n<\/ul>\n<p data-start=\"861\" data-end=\"1134\">Till varje \u00f6lsort f\u00e5r ni skriftligt material med fakta, smakbeskrivningar och roliga anekdoter. Det finns ingen provningsledare, ist\u00e4llet l\u00e4ser ni, diskuterar och analyserar smakerna tillsammans i ert s\u00e4llskap, precis s\u00e5 f\u00f6rdjupat eller avslappnat som ni vill.<\/p>\n<p data-start=\"1136\" data-end=\"1152\"><strong data-start=\"1136\" data-end=\"1145\">Pris:<\/strong> 695 kr<\/p>\n<p data-start=\"1154\" data-end=\"1265\" data-is-last-node=\"\" data-is-only-node=\"\">Varmt v\u00e4lkommen till en kv\u00e4ll d\u00e4r ni utforskar smakerna tillsammans \u2013 i lugn takt och med fokus p\u00e5 upplevelsen!<\/p>\n<p><\/p><\/div><style>.ld_button_69f0b1c64ee1c.btn-icon-solid .btn-icon{background:rgb(239, 221, 213);}.ld_button_69f0b1c64ee1c.btn-icon-circle.btn-icon-ripple .btn-icon:before{border-color:rgb(239, 221, 213);}.ld_button_69f0b1c64ee1c.btn-icon-solid:hover .btn-icon{background:rgb(255, 219, 203);}.ld_button_69f0b1c64ee1c .btn-icon{color:rgb(61, 61, 61);font-size:30px;margin-inline-start:12px !important;}.ld_button_69f0b1c64ee1c:hover .btn-icon{color:rgb(61, 61, 61);}.ld_button_69f0b1c64ee1c{background-color:rgb(239, 221, 213);border-color:rgb(239, 221, 213);color:rgb(61, 61, 61);}.ld_button_69f0b1c64ee1c:hover{background-color:rgb(255, 219, 203);border-color:rgb(255, 219, 203);color:rgb(61, 61, 61);}.ld_button_69f0b1c64ee1c .btn-gradient-bg-hover{background:-webkit-linear-gradient(to right, rgb(255, 219, 203) 0%, rgb(255, 219, 203) 100%);background:linear-gradient(to right, rgb(255, 219, 203) 0%, rgb(255, 219, 203) 100%);}.ld_button_69f0b1c64ee1c .btn-gradient-border defs stop:first-child{stop-color:rgb(239, 221, 213);}.ld_button_69f0b1c64ee1c .btn-gradient-border defs stop:last-child{stop-color:rgb(239, 221, 213);}.ld_button_69f0b1c64ee1c:hover .btn-gradient-border defs stop:first-child{stop-color:rgb(255, 219, 203);}.ld_button_69f0b1c64ee1c:hover .btn-gradient-border defs stop:last-child{stop-color:rgb(255, 219, 203);}.ld_button_69f0b1c64ee1c {font-size:17px; } .ld_button_69f0b1c64ee1c {line-height:2em; } .ld_button_69f0b1c64ee1c {--element-line-height:2em; } .ld_button_69f0b1c64ee1c {font-weight:500; } .ld_button_69f0b1c64ee1c .btn-icon:before{background:rgba(65, 65, 65, 0.1);}.ld_button_69f0b1c64ee1c {font-size:17px; } .ld_button_69f0b1c64ee1c {line-height:2em; } .ld_button_69f0b1c64ee1c {--element-line-height:2em; } .ld_button_69f0b1c64ee1c {font-weight:500; } <\/style><a href=\"https:\/\/app.bokabord.se\/reservation\/?hash=42ae086a817885289a2c3895bbd19716&#038;version=new&#038;mealid=54711\" title=\"Smagning af \u00f8l\" class=\"btn btn-solid btn-icon-sep btn-sm circle border-none btn-icon-left btn-has-label ld_button_69f0b1c64ee1c vc_custom_1770108653353\" >\n\t<span>\n\t\n\t\t\t\t\t<span class=\"btn-txt\" data-text=\"Boka \u00f6lprovning\" >Book en \u00f8lsmagning<\/span>\n\t\t\n\t<span class=\"btn-icon\"><i class=\"fas fa-glass-cheers\"><\/i><\/span>\t\t\t\t<\/span>\n<\/a>\n<\/div><\/div><\/div><div class=\"wpb_column vc_column_container vc_col-sm-6 liquid-column-69f0b1c64f453\"><div class=\"vc_column-inner\" ><div class=\"wpb_wrapper\" >\n\t<div  class=\"wpb_single_image wpb_content_element vc_align_  liquid_vc_single_image-69f0b1c64f85c\">\n\t\t\n\t\t<figure class=\"wpb_wrapper vc_figure\">\n\t\t\t<div class=\"vc_single_image-wrapper vc_box_rounded\"><img loading=\"lazy\" decoding=\"async\" width=\"1024\" height=\"1536\" src=\"https:\/\/smalandsstenarhotell.se\/wp-content\/uploads\/2026\/02\/c00bc6c2-ff12-4b71-a7bb-31170325e636.png\" class=\"vc_single_image-img attachment-full\" alt=\"\" title=\"c00bc6c2-ff12-4b71-a7bb-31170325e636\" srcset=\"https:\/\/smalandsstenarhotell.se\/wp-content\/uploads\/2026\/02\/c00bc6c2-ff12-4b71-a7bb-31170325e636.png 1024w, https:\/\/smalandsstenarhotell.se\/wp-content\/uploads\/2026\/02\/c00bc6c2-ff12-4b71-a7bb-31170325e636-200x300.png 200w, https:\/\/smalandsstenarhotell.se\/wp-content\/uploads\/2026\/02\/c00bc6c2-ff12-4b71-a7bb-31170325e636-683x1024.png 683w, https:\/\/smalandsstenarhotell.se\/wp-content\/uploads\/2026\/02\/c00bc6c2-ff12-4b71-a7bb-31170325e636-8x12.png 8w\" sizes=\"auto, (max-width: 1024px) 100vw, 1024px\" \/><\/div>\n\t\t<\/figure>\n\t<\/div>\n<\/div><\/div><\/div><\/div><\/div><\/div><\/div><\/div><\/div><\/div><\/div><\/section>","protected":false},"excerpt":{"rendered":"\u00d6lprovning \u00d6lprovning \u00c5rets tredje dryckesprovning \u2013 \u00d6l \ud83c\udf7aVarmt v\u00e4lkommen till en smakfull kv\u00e4ll! Den 16\/4 \u00e4r det dags f\u00f6r \u00e5rets tredje dryckesprovning, en kv\u00e4ll fylld av trevligt s\u00e4llskap, goda smaker och nya kunskaper. Upplev den p\u00e5 egen hand eller tillsammans med kollegor, v\u00e4nner eller familj. Provningen b\u00f6rjar n\u00e4r ni kommer till oss!Vi \u00f6ppnar d\u00f6rrarna kl. [...]","protected":false},"author":2,"featured_media":0,"parent":1378,"menu_order":0,"comment_status":"closed","ping_status":"closed","template":"","meta":{"footnotes":""},"class_list":["post-3206","page","type-page","status-publish","hentry"],"_links":{"self":[{"href":"https:\/\/smalandsstenarhotell.se\/da\/wp-json\/wp\/v2\/pages\/3206","targetHints":{"allow":["GET"]}}],"collection":[{"href":"https:\/\/smalandsstenarhotell.se\/da\/wp-json\/wp\/v2\/pages"}],"about":[{"href":"https:\/\/smalandsstenarhotell.se\/da\/wp-json\/wp\/v2\/types\/page"}],"author":[{"embeddable":true,"href":"https:\/\/smalandsstenarhotell.se\/da\/wp-json\/wp\/v2\/users\/2"}],"replies":[{"embeddable":true,"href":"https:\/\/smalandsstenarhotell.se\/da\/wp-json\/wp\/v2\/comments?post=3206"}],"version-history":[{"count":5,"href":"https:\/\/smalandsstenarhotell.se\/da\/wp-json\/wp\/v2\/pages\/3206\/revisions"}],"predecessor-version":[{"id":3459,"href":"https:\/\/smalandsstenarhotell.se\/da\/wp-json\/wp\/v2\/pages\/3206\/revisions\/3459"}],"up":[{"embeddable":true,"href":"https:\/\/smalandsstenarhotell.se\/da\/wp-json\/wp\/v2\/pages\/1378"}],"wp:attachment":[{"href":"https:\/\/smalandsstenarhotell.se\/da\/wp-json\/wp\/v2\/media?parent=3206"}],"curies":[{"name":"wp","href":"https:\/\/api.w.org\/{rel}","templated":true}]}}