{"id":3269,"date":"2026-01-10T15:39:49","date_gmt":"2026-01-10T15:39:49","guid":{"rendered":"https:\/\/smalandsstenarhotell.se\/?page_id=3269"},"modified":"2026-04-22T12:13:57","modified_gmt":"2026-04-22T10:13:57","slug":"staynplay","status":"publish","type":"page","link":"https:\/\/smalandsstenarhotell.se\/de\/event\/staynplay\/","title":{"rendered":"Bleiben 'n Spielen"},"content":{"rendered":"<p><style>@media (min-width: 992px) { .liquid-row-responsive-69f0b0d12f37c {padding-top:250px !important; padding-bottom:250px !important;  }  }    <\/style><section data-row-bg=\"https:\/\/smalandsstenarhotell.se\/wp-content\/uploads\/2026\/02\/file_00000000e56072468f5c646571b77014.png?id=3509\" style=\"background-position:center center !important;\" data-bg-image=\"url\" class=\"vc_row vc_custom_1774085451222 liquid-row-responsive-69f0b0d12f37c liquid-row-shadowbox-69f0b0d12f391 vc_row-has-fill vc_row-has-bg lqd-has-bg-markup row-bg-appended\"><span class=\"row-bg-loader\"><\/span><div class=\"row-bg-wrap\">\n\t\t<div class=\"row-bg-inner\">\n\t\t\t<figure class=\"row-bg\" ><\/figure>\n\t\t<\/div>\n\t<\/div><div class=\"liquid-row-overlay\" style=\"background:rgba(0, 0, 0, 0.25)\"><\/div><div class=\"one-row_bottom_divider \" style=\"height:96px;\"><svg fill=\"#ffffff\" xmlns=\"http:\/\/www.w3.org\/2000\/svg\" width=\"1440\" height=\"100\" viewBox=\"0 0 1440 100\" preserveAspectRatio=\"none\">\n\t\t\t\t\t\t\t\t<path id=\"Row_Separator\" data-name=\"Row Separator\" d=\"M1440,0Q1080,99,720,99T0,0V100H1440Z\" \/>\n\t\t\t\t\t\t\t<\/svg><\/div><div class=\"ld-container container\"><div class=\"row ld-row ld-row-outer vc_row-o-content-middle vc_row-flex\"><style>@media (min-width: 768px) { .liquid-column-responsive-69f0b0d12f7a9 > .vc_column-inner {margin-bottom:0px !important;  }  } <\/style><div class=\"wpb_column vc_column_container vc_col-sm-12 text-center liquid-column-69f0b0d12f7a8 liquid-column-responsive-69f0b0d12f7a9\"><div class=\"vc_column-inner  vc_custom_1740089444398\" ><div class=\"wpb_wrapper\"  ><style>.ld_fancy_heading_69f0b0d12f88d h1{color:rgb(255, 255, 255);}.ld_fancy_heading_69f0b0d12f88d h1 {font-size:46px; } @media (min-width: 768px) { .ld_fancy_heading_69f0b0d12f88d h1 {font-size:50px; }  } @media (min-width: 992px) { .ld_fancy_heading_69f0b0d12f88d h1 {font-size:68px; }  } @media (min-width: 992px) { .ld_fancy_heading_69f0b0d12f88d h1 {line-height:1em; }  } @media (min-width: 992px) { .ld_fancy_heading_69f0b0d12f88d h1 {--element-line-height:1em; }  } @media (min-width: 992px) { .ld_fancy_heading_69f0b0d12f88d h1 {font-weight:700; }  } .ld_fancy_heading_69f0b0d12f88d .lqd-highlight-inner{height:0.275em!important;bottom:0px!important;}.ld_fancy_heading_69f0b0d12f88d h1 {font-size:46px; } @media (min-width: 768px) { .ld_fancy_heading_69f0b0d12f88d h1 {font-size:50px; }  } @media (min-width: 992px) { .ld_fancy_heading_69f0b0d12f88d h1 {font-size:68px; }  } @media (min-width: 992px) { .ld_fancy_heading_69f0b0d12f88d h1 {line-height:1em; }  } @media (min-width: 992px) { .ld_fancy_heading_69f0b0d12f88d h1 {--element-line-height:1em; }  } @media (min-width: 992px) { .ld_fancy_heading_69f0b0d12f88d h1 {font-weight:700; }  } <\/style><div class=\"ld-fancy-heading ld_fancy_heading_69f0b0d12f88d\">\n\t<h1 class=\"ld-fh-element lqd-highlight-underline lqd-highlight-grow-left text-decoration-default\"   >  Stay \u00b4n Play<\/h1><\/div><\/div><\/div><\/div><\/div><\/div><\/section><style>@media (min-width: 992px) { .liquid-row-responsive-69f0b0d13034d {margin-top:30px !important; padding-top:40px !important;  }  }    <\/style><section class=\"vc_row vc_custom_1741549461273 liquid-row-responsive-69f0b0d13034d liquid-row-shadowbox-69f0b0d130361\"><div class=\"ld-container container\"><div class=\"row ld-row ld-row-outer\"><style>@media (min-width: 992px) { .liquid-column-responsive-69f0b0d130658 > .vc_column-inner {margin-bottom:5px !important;  }  } <\/style><div class=\"wpb_column vc_column_container vc_col-sm-12 text-center text-md-left liquid-column-69f0b0d130656 liquid-column-responsive-69f0b0d130658\"><div class=\"vc_column-inner  vc_custom_1742558136958\" ><div class=\"wpb_wrapper\"  ><style>@media (min-width: 992px) { .liquid-row-responsive-69f0b0d130937 {margin-bottom:20px !important;  }  }  <\/style><div class=\"vc_row vc_inner vc_row-fluid liquid-row-responsive-69f0b0d130937 liquid-row-shadowbox-69f0b0d130949 vc_column-gap-30\"><div class=\"ld-container container-fluid\"><div class=\"row ld-row ld-row-inner\"><div class=\"wpb_column vc_column_container vc_col-sm-6 text-left liquid-column-69f0b0d130d55\"><div class=\"vc_column-inner \" ><div class=\"wpb_wrapper\" ><style>.ld_fancy_heading_69f0b0d130ecb h2 {font-size:28px; } @media (min-width: 992px) { .ld_fancy_heading_69f0b0d130ecb h2 {font-size:42px; }  } .ld_fancy_heading_69f0b0d130ecb h2 {margin-bottom:0.35em !important;  } .ld_fancy_heading_69f0b0d130ecb .lqd-highlight-inner{height:0.275em!important;bottom:0px!important;}.ld_fancy_heading_69f0b0d130ecb h2 {font-size:28px; } @media (min-width: 992px) { .ld_fancy_heading_69f0b0d130ecb h2 {font-size:42px; }  } .ld_fancy_heading_69f0b0d130ecb h2 {margin-bottom:0.35em !important;  } <\/style><div class=\"ld-fancy-heading text-left ld_fancy_heading_69f0b0d130ecb\">\n\t<h2 class=\"ld-fh-element lqd-highlight-underline lqd-highlight-grow-left text-decoration-default\"   >  Onsdag = Stay \u00b4n Play!<\/h2><\/div><div class=\"vc_separator wpb_content_element vc_separator_align_center vc_sep_width_100 vc_sep_pos_align_center vc_separator_no_text vc_sep_color_grey vc_custom_1742558072156  vc_custom_1742558072156\" ><span class=\"vc_sep_holder vc_sep_holder_l\"><span  class=\"vc_sep_line\"><\/span><\/span><span class=\"vc_sep_holder vc_sep_holder_r\"><span  class=\"vc_sep_line\"><\/span><\/span>\n<\/div><style>.ld_fancy_heading_69f0b0d1314dd .lqd-highlight-inner{height:0.275em!important;bottom:0px!important;}<\/style><div class=\"ld-fancy-heading text-left ld_fancy_heading_69f0b0d1314dd\">\n\t<p class=\"ld-fh-element lqd-highlight-underline lqd-highlight-grow-left text-decoration-default\"   >  <\/p>\n<p data-start=\"378\" data-end=\"556\"><strong>Stay \u00b4n Play \u00e4r en plats f\u00f6r AW, sk\u00f6nt h\u00e4ng och aktivitet d\u00e4r gemenskap st\u00e5r i fokus.<\/strong><\/p>\n<p>\u00d6ppet 16-21 varje onsdag.\u00a0Biljardbord, darttavla, schackbr\u00e4de. pokerbord och andra kortspel st\u00e5r redo varje onsdag. Kom och h\u00e4ng hos oss efter jobbet eller plugget.<\/p>\n<p>F\u00f6retag? Samla kollegorna p\u00e5 en sk\u00f6n AW och utmana dem i en omg\u00e5ng biljard eller dart med lite gott tilltugg.<\/p>\n<p data-start=\"871\" data-end=\"934\">Under v\u00e5ra Stay\u00b4n Playkv\u00e4llar kan du k\u00f6pa enklare mat och snacks, till exempel husets grillmacka. \u00d6nskar ni n\u00e5got mer matigt beh\u00f6ver ni f\u00f6rboka.<\/p>\n<p>Inget intr\u00e4de<br \/>\n\u00c5ldersgr\u00e4ns: F\u00f6rsta \u00e5ret p\u00e5 gymnasiet.<\/p>\n<p><strong>Spel:<\/strong><br \/>\nMan beh\u00f6ver inte boka speltid till n\u00e5gra spel, bara att droppa in och betala p\u00e5 plats! Vill man vara s\u00e4ker p\u00e5 att kunna spela p\u00e5 en viss tid s\u00e5 \u00e4r det dock s\u00e4krast att boka tid.<\/p>\n<p>Alla spel \u00e4r kostnadsfria f\u00f6r ungdomar -04 &#8211; 09.<\/p>\n<p><strong>Priser biljard:<br \/>\n<\/strong>60 min: 250 kr<br \/>\n45 min: 185 kr<br \/>\n30 min: 125 kr<\/p>\n<p><strong>Priser dart:<br \/>\n<\/strong>60 min: 120 kr<br \/>\n45 min: 90 kr<br \/>\n30 min: 60 kr<\/p>\n<p><strong>Kommande datum:<\/strong><br \/>\nOnsdag 25 mars<br \/>\nOnsdag 1 april<br \/>\nOnsdag 8 april<br \/>\nOnsdag 15 april<br \/>\nOnsdag 22 april ST\u00c4NGT pga sjukdom<br \/>\nOnsdag 29 april<br \/>\nOnsdag 6 maj<br \/>\nOnsdag 13 maj<br \/>\nOnsdag 17 maj<br \/>\nOnsdag 24 maj<\/p>\n<p>Vi kommer \u00e4ven att \u00f6ppna upp fler fredagar, men datum \u00e4r \u00e4nnu ej satta f\u00f6r dessa kv\u00e4llar.<\/p>\n<p><em>TACK till v\u00e5ra samarbetspartners som genom sina bidrag hj\u00e4lper oss att kunna genomf\u00f6ra dessa kv\u00e4llar!<br \/>\n<\/em><\/p><\/div><style>.ld_fancy_heading_69f0b0d131868 .lqd-highlight-inner{height:0.275em!important;bottom:0px!important;}<\/style><div class=\"ld-fancy-heading text-left ld_fancy_heading_69f0b0d131868\">\n\t<p class=\"ld-fh-element lqd-highlight-underline lqd-highlight-grow-left text-decoration-default\"   >  <\/p>\n<p data-start=\"378\" data-end=\"556\"><img loading=\"lazy\" decoding=\"async\" class=\"alignnone size-medium wp-image-3487\" src=\"https:\/\/smalandsstenarhotell.se\/wp-content\/uploads\/2026\/02\/Sponsorer-pa-en-bld-300x40.jpg\" alt=\"\" width=\"300\" height=\"40\" srcset=\"https:\/\/smalandsstenarhotell.se\/wp-content\/uploads\/2026\/02\/Sponsorer-pa-en-bld-300x40.jpg 300w, https:\/\/smalandsstenarhotell.se\/wp-content\/uploads\/2026\/02\/Sponsorer-pa-en-bld-1024x138.jpg 1024w, https:\/\/smalandsstenarhotell.se\/wp-content\/uploads\/2026\/02\/Sponsorer-pa-en-bld-18x2.jpg 18w\" sizes=\"auto, (max-width: 300px) 100vw, 300px\" \/><\/p>\n<p><\/p><\/div><\/div><\/div><\/div><style>@media (min-width: 992px) { .liquid-column-responsive-69f0b0d131cc1 > .vc_column-inner {margin-top:-100px !important;  }  } <\/style><div class=\"wpb_column vc_column_container vc_col-sm-6 liquid-column-69f0b0d131cc0 liquid-column-responsive-69f0b0d131cc1\"><div class=\"vc_column-inner vc_custom_1770736356712\" ><div class=\"wpb_wrapper\" ><style>.ld_fancy_heading_69f0b0d131e4d .lqd-highlight-inner{height:0.275em!important;bottom:0px!important;}<\/style><div class=\"ld-fancy-heading text-left ld_fancy_heading_69f0b0d131e4d\">\n\t<p class=\"ld-fh-element lqd-highlight-underline lqd-highlight-grow-left text-decoration-default\"   >  \n<script>\n  if (typeof hasAmeliaEntitiesApiCall === 'undefined' && ('' === '' && '' !== '1')) {\n    var hasAmeliaEntitiesApiCall = true;\n  }\n  var ameliaShortcodeData = (typeof ameliaShortcodeData === 'undefined') ? [] : ameliaShortcodeData;\n  ameliaShortcodeData.push(\n    {\n      'hasApiCall': (typeof hasAmeliaEntitiesApiCall !== 'undefined') && hasAmeliaEntitiesApiCall,\n      'trigger': '',\n      'trigger_type': '',\n      'triggered_form': 'sbsNew',\n      'in_dialog': '',\n      'show': '',\n      'counter': '1000',\n      'category': '',\n      'service': '',\n      'employee': '',\n      'location': '',\n      'package': '',\n      'layout': '',\n    }\n  );\n\n  var ameliaShortcodeDataTriggered = (typeof ameliaShortcodeDataTriggered === 'undefined') ? [] : ameliaShortcodeDataTriggered;\n  if (ameliaShortcodeData[ameliaShortcodeData.length - 1].trigger !== '') {\n    if (ameliaShortcodeDataTriggered.filter(a => a.counter === ameliaShortcodeData[ameliaShortcodeData.length - 1].counter).length === 0) {\n      ameliaShortcodeDataTriggered.push(ameliaShortcodeData.pop());\n    } else {\n      ameliaShortcodeData.pop()\n    }\n  }\n  if (typeof hasAmeliaEntitiesApiCall !== 'undefined' && hasAmeliaEntitiesApiCall) {\n    hasAmeliaEntitiesApiCall = false;\n  }\n<\/script>\n\n<div\n  id=\"amelia-v2-booking-1000\"\n  class=\"amelia-v2-booking\"\n >\n    <step-form-wrapper><\/step-form-wrapper><\/div><\/div><\/div><\/div><\/div><\/div><\/div><\/div><\/div><\/div><\/div><\/div><\/div><\/section>\n","protected":false},"excerpt":{"rendered":"Stay \u00b4n Play Onsdag = Stay \u00b4n Play! Stay \u00b4n Play \u00e4r en plats f\u00f6r AW, sk\u00f6nt h\u00e4ng och aktivitet d\u00e4r gemenskap st\u00e5r i fokus. \u00d6ppet 16-21 varje onsdag.\u00a0Biljardbord, darttavla, schackbr\u00e4de. pokerbord och andra kortspel st\u00e5r redo varje onsdag. Kom och h\u00e4ng hos oss efter jobbet eller plugget. F\u00f6retag? Samla kollegorna p\u00e5 en sk\u00f6n AW [...]","protected":false},"author":2,"featured_media":0,"parent":1378,"menu_order":0,"comment_status":"closed","ping_status":"closed","template":"","meta":{"footnotes":""},"class_list":["post-3269","page","type-page","status-publish","hentry"],"_links":{"self":[{"href":"https:\/\/smalandsstenarhotell.se\/de\/wp-json\/wp\/v2\/pages\/3269","targetHints":{"allow":["GET"]}}],"collection":[{"href":"https:\/\/smalandsstenarhotell.se\/de\/wp-json\/wp\/v2\/pages"}],"about":[{"href":"https:\/\/smalandsstenarhotell.se\/de\/wp-json\/wp\/v2\/types\/page"}],"author":[{"embeddable":true,"href":"https:\/\/smalandsstenarhotell.se\/de\/wp-json\/wp\/v2\/users\/2"}],"replies":[{"embeddable":true,"href":"https:\/\/smalandsstenarhotell.se\/de\/wp-json\/wp\/v2\/comments?post=3269"}],"version-history":[{"count":7,"href":"https:\/\/smalandsstenarhotell.se\/de\/wp-json\/wp\/v2\/pages\/3269\/revisions"}],"predecessor-version":[{"id":3687,"href":"https:\/\/smalandsstenarhotell.se\/de\/wp-json\/wp\/v2\/pages\/3269\/revisions\/3687"}],"up":[{"embeddable":true,"href":"https:\/\/smalandsstenarhotell.se\/de\/wp-json\/wp\/v2\/pages\/1378"}],"wp:attachment":[{"href":"https:\/\/smalandsstenarhotell.se\/de\/wp-json\/wp\/v2\/media?parent=3269"}],"curies":[{"name":"wp","href":"https:\/\/api.w.org\/{rel}","templated":true}]}}