{"id":3307,"date":"2026-01-19T17:09:12","date_gmt":"2026-01-19T17:09:12","guid":{"rendered":"https:\/\/smalandsstenarhotell.se\/?page_id=3307"},"modified":"2026-01-19T17:10:21","modified_gmt":"2026-01-19T17:10:21","slug":"mors-dagsfrukost","status":"publish","type":"page","link":"https:\/\/smalandsstenarhotell.se\/de\/event\/mors-dagsfrukost\/","title":{"rendered":"Fr\u00fchst\u00fcck zum Muttertag"},"content":{"rendered":"<p><style>@media (min-width: 992px) { .liquid-row-responsive-69f0b1d30da91 {padding-top:250px !important; padding-bottom:250px !important;  }  }    <\/style><section data-row-bg=\"https:\/\/smalandsstenarhotell.se\/wp-content\/uploads\/2025\/09\/20221230_062809.jpg?id=2765\" style=\"background-position:center center !important;\" data-bg-image=\"url\" class=\"vc_row vc_custom_1757671290683 liquid-row-responsive-69f0b1d30da91 liquid-row-shadowbox-69f0b1d30daa7 vc_row-has-fill vc_row-has-bg lqd-has-bg-markup row-bg-appended\"><span class=\"row-bg-loader\"><\/span><div class=\"row-bg-wrap\">\n\t\t<div class=\"row-bg-inner\">\n\t\t\t<figure class=\"row-bg\" ><\/figure>\n\t\t<\/div>\n\t<\/div><div class=\"liquid-row-overlay\" style=\"background:rgba(0, 0, 0, 0.25)\"><\/div><div class=\"one-row_bottom_divider\" style=\"height:96px;\"><svg fill=\"#ffffff\" xmlns=\"http:\/\/www.w3.org\/2000\/svg\" width=\"1440\" height=\"100\" viewbox=\"0 0 1440 100\" preserveaspectratio=\"none\">\n\t\t\t\t\t\t\t\t<path id=\"Row_Separator\" data-name=\"Row Separator\" d=\"M1440,0Q1080,99,720,99T0,0V100H1440Z\" \/>\n\t\t\t\t\t\t\t<\/svg><\/div><div class=\"ld-container container\"><div class=\"row ld-row ld-row-outer vc_row-o-content-middle vc_row-flex\"><style>@media (min-width: 768px) { .liquid-column-responsive-69f0b1d30dec6 > .vc_column-inner {margin-bottom:0px !important;  }  } <\/style><div class=\"wpb_column vc_column_container vc_col-sm-12 text-center liquid-column-69f0b1d30dec5 liquid-column-responsive-69f0b1d30dec6\"><div class=\"vc_column-inner  vc_custom_1740089444398\" ><div class=\"wpb_wrapper\"  ><style>.ld_fancy_heading_69f0b1d30dfcf h1{color:rgb(255, 255, 255);}.ld_fancy_heading_69f0b1d30dfcf h1 {font-size:46px; } @media (min-width: 768px) { .ld_fancy_heading_69f0b1d30dfcf h1 {font-size:50px; }  } @media (min-width: 992px) { .ld_fancy_heading_69f0b1d30dfcf h1 {font-size:68px; }  } @media (min-width: 992px) { .ld_fancy_heading_69f0b1d30dfcf h1 {line-height:1em; }  } @media (min-width: 992px) { .ld_fancy_heading_69f0b1d30dfcf h1 {--element-line-height:1em; }  } @media (min-width: 992px) { .ld_fancy_heading_69f0b1d30dfcf h1 {font-weight:700; }  } .ld_fancy_heading_69f0b1d30dfcf .lqd-highlight-inner{height:0.275em!important;bottom:0px!important;}.ld_fancy_heading_69f0b1d30dfcf h1 {font-size:46px; } @media (min-width: 768px) { .ld_fancy_heading_69f0b1d30dfcf h1 {font-size:50px; }  } @media (min-width: 992px) { .ld_fancy_heading_69f0b1d30dfcf h1 {font-size:68px; }  } @media (min-width: 992px) { .ld_fancy_heading_69f0b1d30dfcf h1 {line-height:1em; }  } @media (min-width: 992px) { .ld_fancy_heading_69f0b1d30dfcf h1 {--element-line-height:1em; }  } @media (min-width: 992px) { .ld_fancy_heading_69f0b1d30dfcf h1 {font-weight:700; }  } <\/style><div class=\"ld-fancy-heading ld_fancy_heading_69f0b1d30dfcf\">\n\t<h1 class=\"ld-fh-element lqd-highlight-underline lqd-highlight-grow-left text-decoration-default\"   >  Fr\u00fchst\u00fcck zum Muttertag<\/h1><\/div><\/div><\/div><\/div><\/div><\/div><\/section><style>@media (min-width: 992px) { .liquid-row-responsive-69f0b1d30e385 {margin-top:30px !important; padding-top:40px !important;  }  }    <\/style><section class=\"vc_row vc_custom_1741549461273 liquid-row-responsive-69f0b1d30e385 liquid-row-shadowbox-69f0b1d30e39a\"><div class=\"ld-container container\"><div class=\"row ld-row ld-row-outer\"><style>@media (min-width: 992px) { .liquid-column-responsive-69f0b1d30e6e8 > .vc_column-inner {margin-bottom:5px !important;  }  } <\/style><div class=\"wpb_column vc_column_container vc_col-sm-12 text-center text-md-left liquid-column-69f0b1d30e6e7 liquid-column-responsive-69f0b1d30e6e8\"><div class=\"vc_column-inner  vc_custom_1742558136958\" ><div class=\"wpb_wrapper\"  ><style>@media (min-width: 992px) { .liquid-row-responsive-69f0b1d30e91e {margin-bottom:20px !important;  }  }  <\/style><div class=\"vc_row vc_inner vc_row-fluid liquid-row-responsive-69f0b1d30e91e liquid-row-shadowbox-69f0b1d30e92b vc_column-gap-30\"><div class=\"ld-container container-fluid\"><div class=\"row ld-row ld-row-inner\"><div class=\"wpb_column vc_column_container vc_col-sm-6 text-left liquid-column-69f0b1d30ec96\"><div class=\"vc_column-inner\" ><div class=\"wpb_wrapper\" ><style>.ld_fancy_heading_69f0b1d30ee0c h2 {font-size:28px; } @media (min-width: 992px) { .ld_fancy_heading_69f0b1d30ee0c h2 {font-size:42px; }  } .ld_fancy_heading_69f0b1d30ee0c h2 {margin-bottom:0.35em !important;  } .ld_fancy_heading_69f0b1d30ee0c .lqd-highlight-inner{height:0.275em!important;bottom:0px!important;}.ld_fancy_heading_69f0b1d30ee0c h2 {font-size:28px; } @media (min-width: 992px) { .ld_fancy_heading_69f0b1d30ee0c h2 {font-size:42px; }  } .ld_fancy_heading_69f0b1d30ee0c h2 {margin-bottom:0.35em !important;  } <\/style><div class=\"ld-fancy-heading text-left ld_fancy_heading_69f0b1d30ee0c\">\n\t<h2 class=\"ld-fh-element lqd-highlight-underline lqd-highlight-grow-left text-decoration-default\"   >  \u00dcberraschen Sie Ihre Mutter mit einem richtig langen Fr\u00fchst\u00fcck<\/h2><\/div><style>.ld_fancy_heading_69f0b1d30f01f p {padding-bottom:0px !important;  } .ld_fancy_heading_69f0b1d30f01f p {margin-bottom:15px !important;  } .ld_fancy_heading_69f0b1d30f01f .lqd-highlight-inner{height:0.275em!important;bottom:0px!important;}.ld_fancy_heading_69f0b1d30f01f p {padding-bottom:0px !important;  } .ld_fancy_heading_69f0b1d30f01f p {margin-bottom:15px !important;  } <\/style><div class=\"ld-fancy-heading text-left ld_fancy_heading_69f0b1d30f01f\">\n\t<p class=\"ld-fh-element lqd-highlight-underline lqd-highlight-grow-left text-decoration-default\"   >  <\/p>\n<p data-start=\"0\" data-end=\"176\">Sie k\u00f6nnen bei uns jeden Tag in der Woche ein Fr\u00fchst\u00fcck vorbestellen und werden von dem Duft von frisch gebackenem Brot, gutem Aufschnitt, Joghurt mit frischem Zubeh\u00f6r, Eiern und einer Tasse wirklich gutem Kaffee begr\u00fc\u00dft, was den Start in den Morgen erleichtert. \ud83c\udf3f\u2615\ud83e\udd50<\/p>\n<p>Auf <strong data-start=\"60\" data-end=\"92\">Muttertag, Sonntag, 31. Mai<\/strong>, bieten wir ein St\u00fcck hausgemachten Kuchen zum Fr\u00fchst\u00fcck an. \ud83d\udc9b\ud83c\udf38<\/p>\n<p><\/p><\/div><div class=\"vc_separator wpb_content_element vc_separator_align_center vc_sep_width_100 vc_sep_pos_align_center vc_separator_no_text vc_sep_color_grey vc_custom_1742558072156  vc_custom_1742558072156\" ><span class=\"vc_sep_holder vc_sep_holder_l\"><span  class=\"vc_sep_line\"><\/span><\/span><span class=\"vc_sep_holder vc_sep_holder_r\"><span  class=\"vc_sep_line\"><\/span><\/span>\n<\/div><style>.ld_fancy_heading_69f0b1d30f4a7 .lqd-highlight-inner{height:0.275em!important;bottom:0px!important;}<\/style><div class=\"ld-fancy-heading text-left ld_fancy_heading_69f0b1d30f4a7\">\n\t<\/div>\n\t<div class=\"wpb_raw_code wpb_content_element wpb_raw_html\" >\n\t\t<div class=\"wpb_wrapper\">\n\t\t\t<button data-hash=\"42ae086a817885289a2c3895bbd19716\" class=\"waiteraid-widget\">\n    <i class=\"fas fa-glass-cheers\"><\/i>\n    <span class=\"separator\"><\/span>\n    Einen Tisch reservieren\n<\/button>\n\t\t<\/div>\n\t<\/div>\n<\/div><\/div><\/div><div class=\"wpb_column vc_column_container vc_col-sm-6 liquid-column-69f0b1d30f8aa\"><div class=\"vc_column-inner\" ><div class=\"wpb_wrapper\" >\n\t<div  class=\"wpb_single_image wpb_content_element vc_align_  liquid_vc_single_image-69f0b1d30fcc8\">\n\t\t\n\t\t<figure class=\"wpb_wrapper vc_figure\">\n\t\t\t<div class=\"vc_single_image-wrapper vc_box_rounded\"><img loading=\"lazy\" decoding=\"async\" width=\"3000\" height=\"4000\" src=\"https:\/\/smalandsstenarhotell.se\/wp-content\/uploads\/2025\/11\/20251109_082757-rotated.jpg\" class=\"vc_single_image-img attachment-full\" alt=\"\" title=\"20251109_082757\" srcset=\"https:\/\/smalandsstenarhotell.se\/wp-content\/uploads\/2025\/11\/20251109_082757-rotated.jpg 3000w, https:\/\/smalandsstenarhotell.se\/wp-content\/uploads\/2025\/11\/20251109_082757-225x300.jpg 225w, https:\/\/smalandsstenarhotell.se\/wp-content\/uploads\/2025\/11\/20251109_082757-768x1024.jpg 768w, https:\/\/smalandsstenarhotell.se\/wp-content\/uploads\/2025\/11\/20251109_082757-rotated-9x12.jpg 9w\" sizes=\"auto, (max-width: 3000px) 100vw, 3000px\" \/><\/div>\n\t\t<\/figure>\n\t<\/div>\n<\/div><\/div><\/div><\/div><\/div><\/div><\/div><\/div><\/div><\/div><\/div><\/section>","protected":false},"excerpt":{"rendered":"Mors Dagsfrukost \u00d6verraska mor med en riktig l\u00e5ngfrukost Du kan f\u00f6rboka frukost hos oss alla dagar i veckan och du m\u00f6ts av doften av nygr\u00e4ddat br\u00f6d, goda p\u00e5l\u00e4gg, yoghurt med fr\u00e4scha tillbeh\u00f6r, \u00e4gg och en kopp riktigt gott kaffe, allt det d\u00e4r som g\u00f6r att morgonen f\u00e5r en mjukare start. \ud83c\udf3f\u2615\ud83e\udd50 P\u00e5 Mors dag, s\u00f6ndag [...]","protected":false},"author":2,"featured_media":2693,"parent":1378,"menu_order":0,"comment_status":"closed","ping_status":"closed","template":"","meta":{"footnotes":""},"class_list":["post-3307","page","type-page","status-publish","has-post-thumbnail","hentry"],"_links":{"self":[{"href":"https:\/\/smalandsstenarhotell.se\/de\/wp-json\/wp\/v2\/pages\/3307","targetHints":{"allow":["GET"]}}],"collection":[{"href":"https:\/\/smalandsstenarhotell.se\/de\/wp-json\/wp\/v2\/pages"}],"about":[{"href":"https:\/\/smalandsstenarhotell.se\/de\/wp-json\/wp\/v2\/types\/page"}],"author":[{"embeddable":true,"href":"https:\/\/smalandsstenarhotell.se\/de\/wp-json\/wp\/v2\/users\/2"}],"replies":[{"embeddable":true,"href":"https:\/\/smalandsstenarhotell.se\/de\/wp-json\/wp\/v2\/comments?post=3307"}],"version-history":[{"count":3,"href":"https:\/\/smalandsstenarhotell.se\/de\/wp-json\/wp\/v2\/pages\/3307\/revisions"}],"predecessor-version":[{"id":3310,"href":"https:\/\/smalandsstenarhotell.se\/de\/wp-json\/wp\/v2\/pages\/3307\/revisions\/3310"}],"up":[{"embeddable":true,"href":"https:\/\/smalandsstenarhotell.se\/de\/wp-json\/wp\/v2\/pages\/1378"}],"wp:featuredmedia":[{"embeddable":true,"href":"https:\/\/smalandsstenarhotell.se\/de\/wp-json\/wp\/v2\/media\/2693"}],"wp:attachment":[{"href":"https:\/\/smalandsstenarhotell.se\/de\/wp-json\/wp\/v2\/media?parent=3307"}],"curies":[{"name":"wp","href":"https:\/\/api.w.org\/{rel}","templated":true}]}}