{"id":3598,"date":"2026-03-21T09:19:55","date_gmt":"2026-03-21T08:19:55","guid":{"rendered":"https:\/\/smalandsstenarhotell.se\/?page_id=3598"},"modified":"2026-04-01T19:50:28","modified_gmt":"2026-04-01T17:50:28","slug":"rakfrossa","status":"publish","type":"page","link":"https:\/\/smalandsstenarhotell.se\/de\/event\/rakfrossa\/","title":{"rendered":"Krabbenrausch"},"content":{"rendered":"<p><style>@media (min-width: 992px) { .liquid-row-responsive-69f0b0d14a0ac {padding-top:250px !important; padding-bottom:250px !important;  }  }    <\/style><section data-row-bg=\"https:\/\/smalandsstenarhotell.se\/wp-content\/uploads\/2026\/03\/Rakfrossa.jpg?id=3603\" style=\"background-position:center top !important;\" data-bg-image=\"url\" class=\"vc_row vc_custom_1774082339741 liquid-row-responsive-69f0b0d14a0ac liquid-row-shadowbox-69f0b0d14a0c2 vc_row-has-fill vc_row-has-bg lqd-has-bg-markup row-bg-appended\"><span class=\"row-bg-loader\"><\/span><div class=\"row-bg-wrap\">\n\t\t<div class=\"row-bg-inner\">\n\t\t\t<figure class=\"row-bg\" ><\/figure>\n\t\t<\/div>\n\t<\/div><div class=\"liquid-row-overlay\" style=\"background:rgba(0, 0, 0, 0.25)\"><\/div><div class=\"one-row_bottom_divider\" style=\"height:96px;\"><svg fill=\"#ffffff\" xmlns=\"http:\/\/www.w3.org\/2000\/svg\" width=\"1440\" height=\"100\" viewbox=\"0 0 1440 100\" preserveaspectratio=\"none\">\n\t\t\t\t\t\t\t\t<path id=\"Row_Separator\" data-name=\"Row Separator\" d=\"M1440,0Q1080,99,720,99T0,0V100H1440Z\" \/>\n\t\t\t\t\t\t\t<\/svg><\/div><div class=\"ld-container container\"><div class=\"row ld-row ld-row-outer vc_row-o-content-middle vc_row-flex\"><style>@media (min-width: 768px) { .liquid-column-responsive-69f0b0d14a578 > .vc_column-inner {margin-bottom:0px !important;  }  } <\/style><div class=\"wpb_column vc_column_container vc_col-sm-12 text-center liquid-column-69f0b0d14a576 liquid-column-responsive-69f0b0d14a578\"><div class=\"vc_column-inner  vc_custom_1740089444398\" ><div class=\"wpb_wrapper\"  ><style>.ld_fancy_heading_69f0b0d14a67c h1{color:rgb(255, 255, 255);}.ld_fancy_heading_69f0b0d14a67c h1 {font-size:46px; } @media (min-width: 768px) { .ld_fancy_heading_69f0b0d14a67c h1 {font-size:50px; }  } @media (min-width: 992px) { .ld_fancy_heading_69f0b0d14a67c h1 {font-size:68px; }  } @media (min-width: 992px) { .ld_fancy_heading_69f0b0d14a67c h1 {line-height:1em; }  } @media (min-width: 992px) { .ld_fancy_heading_69f0b0d14a67c h1 {--element-line-height:1em; }  } @media (min-width: 992px) { .ld_fancy_heading_69f0b0d14a67c h1 {font-weight:700; }  } .ld_fancy_heading_69f0b0d14a67c .lqd-highlight-inner{height:0.275em!important;bottom:0px!important;}.ld_fancy_heading_69f0b0d14a67c h1 {font-size:46px; } @media (min-width: 768px) { .ld_fancy_heading_69f0b0d14a67c h1 {font-size:50px; }  } @media (min-width: 992px) { .ld_fancy_heading_69f0b0d14a67c h1 {font-size:68px; }  } @media (min-width: 992px) { .ld_fancy_heading_69f0b0d14a67c h1 {line-height:1em; }  } @media (min-width: 992px) { .ld_fancy_heading_69f0b0d14a67c h1 {--element-line-height:1em; }  } @media (min-width: 992px) { .ld_fancy_heading_69f0b0d14a67c h1 {font-weight:700; }  } <\/style><div class=\"ld-fancy-heading ld_fancy_heading_69f0b0d14a67c\">\n\t<h1 class=\"ld-fh-element lqd-highlight-underline lqd-highlight-grow-left text-decoration-default\"   >  Krabbenrausch<\/h1><\/div><\/div><\/div><\/div><\/div><\/div><\/section><style>@media (min-width: 992px) { .liquid-row-responsive-69f0b0d14b128 {margin-top:30px !important; padding-top:40px !important;  }  }    <\/style><section class=\"vc_row vc_custom_1741549461273 liquid-row-responsive-69f0b0d14b128 liquid-row-shadowbox-69f0b0d14b13b\"><div class=\"ld-container container\"><div class=\"row ld-row ld-row-outer\"><style>@media (min-width: 992px) { .liquid-column-responsive-69f0b0d14b43a > .vc_column-inner {margin-bottom:5px !important;  }  } <\/style><div class=\"wpb_column vc_column_container vc_col-sm-12 text-center text-md-left liquid-column-69f0b0d14b439 liquid-column-responsive-69f0b0d14b43a\"><div class=\"vc_column-inner  vc_custom_1742558136958\" ><div class=\"wpb_wrapper\"  ><style>@media (min-width: 992px) { .liquid-row-responsive-69f0b0d14b662 {margin-bottom:20px !important;  }  }  <\/style><div class=\"vc_row vc_inner vc_row-fluid liquid-row-responsive-69f0b0d14b662 liquid-row-shadowbox-69f0b0d14b66f vc_column-gap-30\"><div class=\"ld-container container-fluid\"><div class=\"row ld-row ld-row-inner\"><div class=\"wpb_column vc_column_container vc_col-sm-6 text-left liquid-column-69f0b0d14b928\"><div class=\"vc_column-inner\" ><div class=\"wpb_wrapper\" ><style>.ld_fancy_heading_69f0b0d14b9fc h2 {font-size:28px; } @media (min-width: 992px) { .ld_fancy_heading_69f0b0d14b9fc h2 {font-size:42px; }  } .ld_fancy_heading_69f0b0d14b9fc h2 {margin-bottom:0.35em !important;  } .ld_fancy_heading_69f0b0d14b9fc .lqd-highlight-inner{height:0.275em!important;bottom:0px!important;}.ld_fancy_heading_69f0b0d14b9fc h2 {font-size:28px; } @media (min-width: 992px) { .ld_fancy_heading_69f0b0d14b9fc h2 {font-size:42px; }  } .ld_fancy_heading_69f0b0d14b9fc h2 {margin-bottom:0.35em !important;  } <\/style><div class=\"ld-fancy-heading text-left ld_fancy_heading_69f0b0d14b9fc\">\n\t<h2 class=\"ld-fh-element lqd-highlight-underline lqd-highlight-grow-left text-decoration-default\"   >  Kr\u00e4ftchenschmaus mit leckeren Beilagen<\/h2><\/div><div class=\"vc_separator wpb_content_element vc_separator_align_center vc_sep_width_100 vc_sep_pos_align_center vc_separator_no_text vc_sep_color_grey vc_custom_1742558072156  vc_custom_1742558072156\" ><span class=\"vc_sep_holder vc_sep_holder_l\"><span  class=\"vc_sep_line\"><\/span><\/span><span class=\"vc_sep_holder vc_sep_holder_r\"><span  class=\"vc_sep_line\"><\/span><\/span>\n<\/div><style>.ld_fancy_heading_69f0b0d14beb7 .lqd-highlight-inner{height:0.275em!important;bottom:0px!important;}<\/style><div class=\"ld-fancy-heading text-left ld_fancy_heading_69f0b0d14beb7\">\n\t<p class=\"ld-fh-element lqd-highlight-underline lqd-highlight-grow-left text-decoration-default\"   >  <\/p>\n<p data-start=\"37\" data-end=\"204\">Wenn der Fr\u00fchsommer gerade erst beginnt zu duften und die Abende so lauwarm und lang werden\u2026 dann decken wir bei uns im Sm\u00e5landsstenar Hotel &amp; Konferenz zu einem echten Garnelen-Schmaus auf.<\/p>\n<p data-start=\"206\" data-end=\"502\">Ihr Tisch ist gro\u00dfz\u00fcgig gedeckt und gef\u00fcllt mit Garnelen in verschiedenen Variationen, frisch gebackenem Baguette, verschiedenen Dips, knackigen Salaten und klassischen Beilagen, die zu einem Garnelenfest geh\u00f6ren.<\/p>\n<p data-start=\"206\" data-end=\"502\">Es ist genauso ein Erlebnis wie eine Mahlzeit, und hier ist f\u00fcr jeden etwas dabei, egal ob Sie ein echter Garnelenliebhaber sind oder einfach nur das Gesamtpaket genie\u00dfen: die Aromen, die Beilagen, die Gesellschaft und das Gef\u00fchl, dass der Sommer naht.<\/p>\n<p data-start=\"663\" data-end=\"823\">Versammeln Sie Freunde, Familie oder Kollegen und starten Sie den Juni auf die beste Art und Weise: mit einem Tisch, der sich nie leer anf\u00fchlt, und einem Abend, der sich gerne etwas l\u00e4nger als geplant hinzieht.<\/p>\n<p data-start=\"825\" data-end=\"882\"><strong data-start=\"825\" data-end=\"842\">Freitag, 5. Juni<\/strong><br data-start=\"842\" data-end=\"845\" \/>Zeit: ab 18:00 Uhr<br data-start=\"860\" data-end=\"863\" \/>Preis: 345 kr<\/p>\n<p data-start=\"884\" data-end=\"954\" data-is-last-node=\"\" data-is-only-node=\"\">Buchen Sie Ihren Platz jetzt \u2013 das ist ein Abend, den Sie nicht verpassen m\u00f6chten. \ud83e\udd90\ud83e\udd42<\/p>\n<p><\/p><\/div><\/div><\/div><\/div><div class=\"wpb_column vc_column_container vc_col-sm-6 liquid-column-69f0b0d14c234\"><div class=\"vc_column-inner\" ><div class=\"wpb_wrapper\" >\n\t<div  class=\"wpb_single_image wpb_content_element vc_align_  liquid_vc_single_image-69f0b0d14c628\">\n\t\t\n\t\t<figure class=\"wpb_wrapper vc_figure\">\n\t\t\t<div class=\"vc_single_image-wrapper vc_box_rounded\"><img loading=\"lazy\" decoding=\"async\" width=\"402\" height=\"987\" src=\"https:\/\/smalandsstenarhotell.se\/wp-content\/uploads\/2026\/03\/Rakfrossa-staende.jpg\" class=\"vc_single_image-img attachment-full\" alt=\"\" title=\"Stehender Garnelen-Schmaus\" srcset=\"https:\/\/smalandsstenarhotell.se\/wp-content\/uploads\/2026\/03\/Rakfrossa-staende.jpg 402w, https:\/\/smalandsstenarhotell.se\/wp-content\/uploads\/2026\/03\/Rakfrossa-staende-122x300.jpg 122w, https:\/\/smalandsstenarhotell.se\/wp-content\/uploads\/2026\/03\/Rakfrossa-staende-5x12.jpg 5w\" sizes=\"auto, (max-width: 402px) 100vw, 402px\" \/><\/div>\n\t\t<\/figure>\n\t<\/div>\n<\/div><\/div><\/div><\/div><\/div><\/div><\/div><\/div><\/div><\/div><\/div><\/section><section class=\"vc_row liquid-row-shadowbox-69f0b0d14c87e\"><div class=\"ld-container container\"><div class=\"row ld-row ld-row-outer\"><div class=\"wpb_column vc_column_container vc_col-sm-12 liquid-column-69f0b0d14cac1\"><div class=\"vc_column-inner\" ><div class=\"wpb_wrapper\"  ><style>.ld_button_69f0b0d14cb7d.btn-icon-solid .btn-icon{background:rgb(243, 215, 215);}.ld_button_69f0b0d14cb7d.btn-icon-circle.btn-icon-ripple .btn-icon:before{border-color:rgb(243, 215, 215);}.ld_button_69f0b0d14cb7d{background-color:rgb(243, 215, 215);border-color:rgb(243, 215, 215);color:rgb(0, 0, 0);}.ld_button_69f0b0d14cb7d .btn-gradient-border defs stop:first-child{stop-color:rgb(243, 215, 215);}.ld_button_69f0b0d14cb7d .btn-gradient-border defs stop:last-child{stop-color:rgb(243, 215, 215);}.ld_button_69f0b0d14cb7d:hover{color:rgba(226, 175, 175, 0);}<\/style><a href=\"https:\/\/app.waiteraid.com\/reservation\/?hash=42ae086a817885289a2c3895bbd19716&#038;version=new&#038;mealid=57427\" class=\"btn btn-solid border-thin btn-has-label ld_button_69f0b0d14cb7d\" >\n\t<span>\n\t\n\t\t\t\t\t<span class=\"btn-txt\" data-text=\"Boka bord\" >Einen Tisch reservieren<\/span>\n\t\t\n\t\t\t\t\t<\/span>\n<\/a>\n<\/div><\/div><\/div><\/div><\/div><\/section>","protected":false},"excerpt":{"rendered":"R\u00e4kfrossa R\u00e4kfrossa med smarriga tillbeh\u00f6r N\u00e4r f\u00f6rsommaren precis b\u00f6rjat dofta och kv\u00e4llarna blir s\u00e5d\u00e4r ljumma och l\u00e5nga\u2026 d\u00e5 dukar vi upp till en riktig r\u00e4kfrossa hos oss p\u00e5 Sm\u00e5landsstenar hotell &amp; konferens. Ert bord \u00e4r gener\u00f6st uppdukat och fyllt av r\u00e4kor i olika format, nybakad baguette, olika r\u00f6ror, fr\u00e4scha sallader och klassiska tillbeh\u00f6r som h\u00f6r [...]","protected":false},"author":2,"featured_media":0,"parent":1378,"menu_order":0,"comment_status":"closed","ping_status":"closed","template":"","meta":{"footnotes":""},"class_list":["post-3598","page","type-page","status-publish","hentry"],"_links":{"self":[{"href":"https:\/\/smalandsstenarhotell.se\/de\/wp-json\/wp\/v2\/pages\/3598","targetHints":{"allow":["GET"]}}],"collection":[{"href":"https:\/\/smalandsstenarhotell.se\/de\/wp-json\/wp\/v2\/pages"}],"about":[{"href":"https:\/\/smalandsstenarhotell.se\/de\/wp-json\/wp\/v2\/types\/page"}],"author":[{"embeddable":true,"href":"https:\/\/smalandsstenarhotell.se\/de\/wp-json\/wp\/v2\/users\/2"}],"replies":[{"embeddable":true,"href":"https:\/\/smalandsstenarhotell.se\/de\/wp-json\/wp\/v2\/comments?post=3598"}],"version-history":[{"count":5,"href":"https:\/\/smalandsstenarhotell.se\/de\/wp-json\/wp\/v2\/pages\/3598\/revisions"}],"predecessor-version":[{"id":3632,"href":"https:\/\/smalandsstenarhotell.se\/de\/wp-json\/wp\/v2\/pages\/3598\/revisions\/3632"}],"up":[{"embeddable":true,"href":"https:\/\/smalandsstenarhotell.se\/de\/wp-json\/wp\/v2\/pages\/1378"}],"wp:attachment":[{"href":"https:\/\/smalandsstenarhotell.se\/de\/wp-json\/wp\/v2\/media?parent=3598"}],"curies":[{"name":"wp","href":"https:\/\/api.w.org\/{rel}","templated":true}]}}