{"id":1010,"date":"2025-02-21T11:53:55","date_gmt":"2025-02-21T11:53:55","guid":{"rendered":"https:\/\/smalandsstenarhotell.se\/?page_id=1010"},"modified":"2026-04-28T12:03:30","modified_gmt":"2026-04-28T10:03:30","slug":"veckans-lunch","status":"publish","type":"page","link":"https:\/\/smalandsstenarhotell.se\/en\/veckans-lunch\/","title":{"rendered":"Lunch of the week"},"content":{"rendered":"<p><style>@media (min-width: 992px) { .liquid-row-responsive-69f0b1ffdf0a5 {padding-top:270px !important; padding-bottom:270px !important;  }  }    <\/style><section data-row-bg=\"https:\/\/smalandsstenarhotell.se\/wp-content\/uploads\/2025\/05\/vlsma.jpg?id=2317\" style=\"background-position:50% 25% !important;\" data-bg-image=\"url\" class=\"vc_row vc_custom_1748191227779 liquid-row-responsive-69f0b1ffdf0a5 liquid-row-shadowbox-69f0b1ffdf0b9 vc_row-has-fill vc_row-has-bg lqd-has-bg-markup row-bg-appended\"><span class=\"row-bg-loader\"><\/span><div class=\"row-bg-wrap\">\n\t\t<div class=\"row-bg-inner\">\n\t\t\t<figure class=\"row-bg\" ><\/figure>\n\t\t<\/div>\n\t<\/div><div class=\"liquid-row-overlay\" style=\"background:rgba(0, 0, 0, 0.25)\"><\/div><div class=\"one-row_bottom_divider\" style=\"height:96px;\"><svg fill=\"#ffffff\" xmlns=\"http:\/\/www.w3.org\/2000\/svg\" width=\"1440\" height=\"100\" viewbox=\"0 0 1440 100\" preserveaspectratio=\"none\">\n\t\t\t\t\t\t\t\t<path id=\"Row_Separator\" data-name=\"Row Separator\" d=\"M1440,0Q1080,99,720,99T0,0V100H1440Z\" \/>\n\t\t\t\t\t\t\t<\/svg><\/div><div class=\"ld-container container\"><div class=\"row ld-row ld-row-outer vc_row-o-content-middle vc_row-flex\"><style>@media (min-width: 768px) { .liquid-column-responsive-69f0b1ffdf4a9 > .vc_column-inner {margin-bottom:0px !important;  }  } <\/style><div class=\"wpb_column vc_column_container vc_col-sm-12 text-center liquid-column-69f0b1ffdf4a8 liquid-column-responsive-69f0b1ffdf4a9\"><div class=\"vc_column-inner  vc_custom_1734471638072\" ><div class=\"wpb_wrapper\"  ><style>.ld_fancy_heading_69f0b1ffdf58f h1{color:rgb(255, 255, 255);}.ld_fancy_heading_69f0b1ffdf58f h1 {font-size:46px; } @media (min-width: 768px) { .ld_fancy_heading_69f0b1ffdf58f h1 {font-size:50px; }  } @media (min-width: 992px) { .ld_fancy_heading_69f0b1ffdf58f h1 {font-size:68px; }  } @media (min-width: 992px) { .ld_fancy_heading_69f0b1ffdf58f h1 {line-height:1em; }  } @media (min-width: 992px) { .ld_fancy_heading_69f0b1ffdf58f h1 {--element-line-height:1em; }  } @media (min-width: 992px) { .ld_fancy_heading_69f0b1ffdf58f h1 {font-weight:700; }  } .ld_fancy_heading_69f0b1ffdf58f .lqd-highlight-inner{height:0.275em!important;bottom:0px!important;}.ld_fancy_heading_69f0b1ffdf58f h1 {font-size:46px; } @media (min-width: 768px) { .ld_fancy_heading_69f0b1ffdf58f h1 {font-size:50px; }  } @media (min-width: 992px) { .ld_fancy_heading_69f0b1ffdf58f h1 {font-size:68px; }  } @media (min-width: 992px) { .ld_fancy_heading_69f0b1ffdf58f h1 {line-height:1em; }  } @media (min-width: 992px) { .ld_fancy_heading_69f0b1ffdf58f h1 {--element-line-height:1em; }  } @media (min-width: 992px) { .ld_fancy_heading_69f0b1ffdf58f h1 {font-weight:700; }  } <\/style><div class=\"ld-fancy-heading ld_fancy_heading_69f0b1ffdf58f\">\n\t<h1 class=\"ld-fh-element lqd-highlight-underline lqd-highlight-grow-left text-decoration-default\"   >  Lunch of the week<\/h1><\/div><\/div><\/div><\/div><\/div><\/div><\/section><style>@media (min-width: 992px) { .liquid-row-responsive-69f0b1ffdf8c5 {padding-top:40px !important;  }  }    <\/style><section class=\"vc_row vc_custom_1747826141236 liquid-row-responsive-69f0b1ffdf8c5 liquid-row-shadowbox-69f0b1ffdf8d1\"><div class=\"ld-container container\"><div class=\"row ld-row ld-row-outer\"><style>@media (min-width: 992px) { .liquid-column-responsive-69f0b1ffdfb26 > .vc_column-inner {margin-bottom:5px !important;  }  } <\/style><div class=\"wpb_column vc_column_container vc_col-sm-12 text-md-center liquid-column-69f0b1ffdfb25 liquid-column-responsive-69f0b1ffdfb26\"><div class=\"vc_column-inner  vc_custom_1741020827604\" ><div class=\"wpb_wrapper\"  ><style>.ld_fancy_heading_69f0b1ffdfbff h2 {font-size:28px; } @media (min-width: 992px) { .ld_fancy_heading_69f0b1ffdfbff h2 {font-size:42px; }  } .ld_fancy_heading_69f0b1ffdfbff h2 {margin-bottom:0.35em !important;  } .ld_fancy_heading_69f0b1ffdfbff .lqd-highlight-inner{height:0.275em!important;bottom:0px!important;}.ld_fancy_heading_69f0b1ffdfbff h2 {font-size:28px; } @media (min-width: 992px) { .ld_fancy_heading_69f0b1ffdfbff h2 {font-size:42px; }  } .ld_fancy_heading_69f0b1ffdfbff h2 {margin-bottom:0.35em !important;  } <\/style><div class=\"ld-fancy-heading ld_fancy_heading_69f0b1ffdfbff\">\n\t<h2 class=\"ld-fh-element lqd-highlight-underline lqd-highlight-grow-left text-decoration-default\"   >  Welcome to a lunch flavoured with love!<\/h2><\/div><div class=\"vc_separator wpb_content_element vc_separator_align_center vc_sep_width_100 vc_sep_pos_align_center vc_separator_no_text vc_sep_color_grey vc_custom_1741022271313  vc_custom_1741022271313\" ><span class=\"vc_sep_holder vc_sep_holder_l\"><span  class=\"vc_sep_line\"><\/span><\/span><span class=\"vc_sep_holder vc_sep_holder_r\"><span  class=\"vc_sep_line\"><\/span><\/span>\n<\/div>\n\t<div class=\"wpb_raw_code wpb_content_element wpb_raw_html\" >\n\t\t<div class=\"wpb_wrapper\">\n\t\t\t<button data-hash=\"42ae086a817885289a2c3895bbd19716\" class=\"waiteraid-widget\">\n    <i class=\"fas fa-utensils\"><\/i>\n    <span class=\"separator\"><\/span>\n    Book lunch\n<\/button>\n\t\t<\/div>\n\t<\/div>\n<style>@media (min-width: 992px) { .liquid-row-responsive-69f0b1ffe00ff {margin-bottom:60px !important;  }  }  <\/style><div class=\"vc_row vc_inner vc_row-fluid vc_custom_1748191294874 liquid-row-responsive-69f0b1ffe00ff liquid-row-shadowbox-69f0b1ffe010b\"><div class=\"ld-container container-fluid\"><div class=\"row ld-row ld-row-inner vc_row-o-equal-height vc_row-flex\"><style>@media (min-width: 992px) { .liquid-column-responsive-69f0b1ffe0386 > .vc_column-inner {margin-bottom:0px !important;  }  } <\/style><div class=\"wpb_column vc_column_container vc_col-sm-6 liquid-column-69f0b1ffe0385 liquid-column-responsive-69f0b1ffe0386 vc_col-has-fill\"><div class=\"vc_column-inner vc_custom_1748191404958\" ><div class=\"wpb_wrapper\" ><style>.ld_fancy_heading_69f0b1ffe0457 .lqd-highlight-inner{height:0.275em!important;bottom:0px!important;}<\/style><div class=\"ld-fancy-heading ld_fancy_heading_69f0b1ffe0457\">\n\t<p class=\"ld-fh-element lqd-highlight-underline lqd-highlight-grow-left text-decoration-default\"   >  <\/p>\n<p data-start=\"181\" data-end=\"397\"><strong>Veckans lunch v. 18<br \/>\n<\/strong><br \/>\n<strong>Tuesday \u2013 Wednesday<\/strong><br \/>\nLasagne<br \/>\nVegetarisk lasagne<br \/>\nFiskgrat\u00e4ng, serveras med potatis<\/p>\n<p>&#8230;och v\u00e5r h\u00e4rliga salladsbuff\u00e9<\/p>\n<p><strong>Torsdag -fredag ST\u00c4NGT<br \/>\n<\/strong>(Valborgsm\u00e4ssoafton och 1 maj)<\/p><\/div><div class=\"vc_separator wpb_content_element vc_separator_align_center vc_sep_width_100 vc_sep_pos_align_center vc_separator_no_text vc_custom_1741021472882  vc_custom_1741021472882\" ><span class=\"vc_sep_holder vc_sep_holder_l\"><span  style=\"border-color:rgb(136,136,136);border-color:rgba(136, 136, 136, 0.7);\" class=\"vc_sep_line\"><\/span><\/span><span class=\"vc_sep_holder vc_sep_holder_r\"><span  style=\"border-color:rgb(136,136,136);border-color:rgba(136, 136, 136, 0.7);\" class=\"vc_sep_line\"><\/span><\/span>\n<\/div><style>.ld_fancy_heading_69f0b1ffe0734 .lqd-highlight-inner{height:0.275em!important;bottom:0px!important;}<\/style><div class=\"ld-fancy-heading ld_fancy_heading_69f0b1ffe0734\">\n\t<p class=\"ld-fh-element lqd-highlight-underline lqd-highlight-grow-left text-decoration-default\"   >  <strong>Lunch price:<\/strong><br \/>\nDropin: 155 kr<br \/>\nBooking in advance: SEK 145<br \/>\nPre-booking senior\/youth: SEK 135<br \/>\nPick-up: 135 kr<\/p><\/div><\/div><\/div><\/div><div class=\"wpb_column vc_column_container vc_col-sm-6 liquid-column-69f0b1ffe09eb vc_col-has-fill\"><div class=\"vc_column-inner vc_custom_1748191362910\" ><div class=\"wpb_wrapper\" ><style>.ld_fancy_heading_69f0b1ffe0ab7 .lqd-highlight-inner{height:0.275em!important;bottom:0px!important;}<\/style><div class=\"ld-fancy-heading ld_fancy_heading_69f0b1ffe0ab7\">\n\t<p class=\"ld-fh-element lqd-highlight-underline lqd-highlight-grow-left text-decoration-default\"   >  <strong>Opening hours:<\/strong><br \/>\nTuesday - Thursday 11.30-13.30.<br \/>\n<em>On Mondays we only serve lunch to our conference guests.<\/em><\/p>\n<p>Pre-order your lunch on the website before 11:00 AM for the best price. This helps us to provide better service and reduce food waste.<\/p>\n<p>You can also pre-book takeaway - choose from the buffet and pack your own box on site. If you would like us to pack the boxes for you - please let us know by 10.30am.<\/p><\/div><\/div><\/div><\/div><\/div><\/div><\/div><\/div><\/div><\/div><\/div><\/div><\/section><style>@media (min-width: 992px) { .liquid-row-responsive-69f0b1ffe0ee8 {margin-bottom:-30px !important;  }  }    <\/style><section class=\"vc_row vc_custom_1747826418529 liquid-row-responsive-69f0b1ffe0ee8 liquid-row-shadowbox-69f0b1ffe0ef4 vc_column-gap-5\"><div class=\"ld-container container-fluid\"><div class=\"row ld-row ld-row-outer\"><div class=\"wpb_column vc_column_container vc_col-sm-1\/5 vc_hidden-sm vc_hidden-xs liquid-column-69f0b1ffe1126\"><div class=\"vc_column-inner  vc_custom_1747826350105\" ><div class=\"wpb_wrapper\"  >\n\t<div  class=\"wpb_single_image wpb_content_element vc_align_  liquid_vc_single_image-69f0b1ffe14ee\">\n\t\t\n\t\t<figure class=\"wpb_wrapper vc_figure\">\n\t\t\t<div class=\"vc_single_image-wrapper\"><img loading=\"lazy\" decoding=\"async\" width=\"800\" height=\"550\" src=\"https:\/\/smalandsstenarhotell.se\/wp-content\/uploads\/2025\/02\/vlunch.jpg\" class=\"vc_single_image-img attachment-full\" alt=\"\" title=\"brunch\" srcset=\"https:\/\/smalandsstenarhotell.se\/wp-content\/uploads\/2025\/02\/vlunch.jpg 800w, https:\/\/smalandsstenarhotell.se\/wp-content\/uploads\/2025\/02\/vlunch-300x206.jpg 300w, https:\/\/smalandsstenarhotell.se\/wp-content\/uploads\/2025\/02\/vlunch-18x12.jpg 18w\" sizes=\"auto, (max-width: 800px) 100vw, 800px\" \/><\/div>\n\t\t<\/figure>\n\t<\/div>\n<\/div><\/div><\/div><div class=\"wpb_column vc_column_container vc_col-sm-1\/5 vc_col-xs-6 liquid-column-69f0b1ffe1725\"><div class=\"vc_column-inner  vc_custom_1747826445987\" ><div class=\"wpb_wrapper\"  >\n\t<div  class=\"wpb_single_image wpb_content_element vc_align_  liquid_vc_single_image-69f0b1ffe19d7\">\n\t\t\n\t\t<figure class=\"wpb_wrapper vc_figure\">\n\t\t\t<div class=\"vc_single_image-wrapper\"><img loading=\"lazy\" decoding=\"async\" width=\"800\" height=\"550\" src=\"https:\/\/smalandsstenarhotell.se\/wp-content\/uploads\/2025\/03\/vlunch02.jpg\" class=\"vc_single_image-img attachment-full\" alt=\"\" title=\"vlunch02\" srcset=\"https:\/\/smalandsstenarhotell.se\/wp-content\/uploads\/2025\/03\/vlunch02.jpg 800w, https:\/\/smalandsstenarhotell.se\/wp-content\/uploads\/2025\/03\/vlunch02-300x206.jpg 300w, https:\/\/smalandsstenarhotell.se\/wp-content\/uploads\/2025\/03\/vlunch02-18x12.jpg 18w\" sizes=\"auto, (max-width: 800px) 100vw, 800px\" \/><\/div>\n\t\t<\/figure>\n\t<\/div>\n<\/div><\/div><\/div><div class=\"wpb_column vc_column_container vc_col-sm-1\/5 vc_col-xs-6 liquid-column-69f0b1ffe1c05\"><div class=\"vc_column-inner  vc_custom_1747826451657\" ><div class=\"wpb_wrapper\"  >\n\t<div  class=\"wpb_single_image wpb_content_element vc_align_  liquid_vc_single_image-69f0b1ffe1ecd\">\n\t\t\n\t\t<figure class=\"wpb_wrapper vc_figure\">\n\t\t\t<div class=\"vc_single_image-wrapper\"><img loading=\"lazy\" decoding=\"async\" width=\"800\" height=\"550\" src=\"https:\/\/smalandsstenarhotell.se\/wp-content\/uploads\/2025\/03\/vlunch03.jpg\" class=\"vc_single_image-img attachment-full\" alt=\"\" title=\"vlunch03\" srcset=\"https:\/\/smalandsstenarhotell.se\/wp-content\/uploads\/2025\/03\/vlunch03.jpg 800w, https:\/\/smalandsstenarhotell.se\/wp-content\/uploads\/2025\/03\/vlunch03-300x206.jpg 300w, https:\/\/smalandsstenarhotell.se\/wp-content\/uploads\/2025\/03\/vlunch03-18x12.jpg 18w\" sizes=\"auto, (max-width: 800px) 100vw, 800px\" \/><\/div>\n\t\t<\/figure>\n\t<\/div>\n<\/div><\/div><\/div><div class=\"wpb_column vc_column_container vc_col-sm-1\/5 vc_col-xs-6 liquid-column-69f0b1ffe20ea\"><div class=\"vc_column-inner  vc_custom_1747826370658\" ><div class=\"wpb_wrapper\"  >\n\t<div  class=\"wpb_single_image wpb_content_element vc_align_  liquid_vc_single_image-69f0b1ffe2392\">\n\t\t\n\t\t<figure class=\"wpb_wrapper vc_figure\">\n\t\t\t<div class=\"vc_single_image-wrapper\"><img loading=\"lazy\" decoding=\"async\" width=\"800\" height=\"550\" src=\"https:\/\/smalandsstenarhotell.se\/wp-content\/uploads\/2025\/03\/vlunch04.jpg\" class=\"vc_single_image-img attachment-full\" alt=\"\" title=\"vlunch04\" srcset=\"https:\/\/smalandsstenarhotell.se\/wp-content\/uploads\/2025\/03\/vlunch04.jpg 800w, https:\/\/smalandsstenarhotell.se\/wp-content\/uploads\/2025\/03\/vlunch04-300x206.jpg 300w, https:\/\/smalandsstenarhotell.se\/wp-content\/uploads\/2025\/03\/vlunch04-18x12.jpg 18w\" sizes=\"auto, (max-width: 800px) 100vw, 800px\" \/><\/div>\n\t\t<\/figure>\n\t<\/div>\n<\/div><\/div><\/div><div class=\"wpb_column vc_column_container vc_col-sm-1\/5 vc_col-xs-6 liquid-column-69f0b1ffe25c1\"><div class=\"vc_column-inner  vc_custom_1747826376041\" ><div class=\"wpb_wrapper\"  >\n\t<div  class=\"wpb_single_image wpb_content_element vc_align_  liquid_vc_single_image-69f0b1ffe2865\">\n\t\t\n\t\t<figure class=\"wpb_wrapper vc_figure\">\n\t\t\t<div class=\"vc_single_image-wrapper\"><img loading=\"lazy\" decoding=\"async\" width=\"800\" height=\"550\" src=\"https:\/\/smalandsstenarhotell.se\/wp-content\/uploads\/2025\/03\/vlunch05.jpg\" class=\"vc_single_image-img attachment-full\" alt=\"\" title=\"vlunch05\" srcset=\"https:\/\/smalandsstenarhotell.se\/wp-content\/uploads\/2025\/03\/vlunch05.jpg 800w, https:\/\/smalandsstenarhotell.se\/wp-content\/uploads\/2025\/03\/vlunch05-300x206.jpg 300w, https:\/\/smalandsstenarhotell.se\/wp-content\/uploads\/2025\/03\/vlunch05-18x12.jpg 18w\" sizes=\"auto, (max-width: 800px) 100vw, 800px\" \/><\/div>\n\t\t<\/figure>\n\t<\/div>\n<\/div><\/div><\/div><\/div><\/div><\/section>","protected":false},"excerpt":{"rendered":"Veckans lunch V\u00e4lkommen till en lunch smaksatt med mycket k\u00e4rlek! Boka lunch Veckans lunch v. 18 Tisdag - onsdag Lasagne Vegetarisk lasagne Fiskgrat\u00e4ng, serveras med potatis ...och v\u00e5r h\u00e4rliga salladsbuff\u00e9 Torsdag -fredag ST\u00c4NGT (Valborgsm\u00e4ssoafton och 1 maj) Lunchpris: Dropin: 155 kr F\u00f6rbokning: 145 kr F\u00f6rbokning senior\/ungdom: 135 kr Avh\u00e4mtning: 135 kr \u00d6ppettider: Tisdag - torsdag [...]","protected":false},"author":1,"featured_media":1095,"parent":0,"menu_order":0,"comment_status":"closed","ping_status":"closed","template":"","meta":{"footnotes":""},"class_list":["post-1010","page","type-page","status-publish","has-post-thumbnail","hentry"],"_links":{"self":[{"href":"https:\/\/smalandsstenarhotell.se\/en\/wp-json\/wp\/v2\/pages\/1010","targetHints":{"allow":["GET"]}}],"collection":[{"href":"https:\/\/smalandsstenarhotell.se\/en\/wp-json\/wp\/v2\/pages"}],"about":[{"href":"https:\/\/smalandsstenarhotell.se\/en\/wp-json\/wp\/v2\/types\/page"}],"author":[{"embeddable":true,"href":"https:\/\/smalandsstenarhotell.se\/en\/wp-json\/wp\/v2\/users\/1"}],"replies":[{"embeddable":true,"href":"https:\/\/smalandsstenarhotell.se\/en\/wp-json\/wp\/v2\/comments?post=1010"}],"version-history":[{"count":7,"href":"https:\/\/smalandsstenarhotell.se\/en\/wp-json\/wp\/v2\/pages\/1010\/revisions"}],"predecessor-version":[{"id":3693,"href":"https:\/\/smalandsstenarhotell.se\/en\/wp-json\/wp\/v2\/pages\/1010\/revisions\/3693"}],"wp:featuredmedia":[{"embeddable":true,"href":"https:\/\/smalandsstenarhotell.se\/en\/wp-json\/wp\/v2\/media\/1095"}],"wp:attachment":[{"href":"https:\/\/smalandsstenarhotell.se\/en\/wp-json\/wp\/v2\/media?parent=1010"}],"curies":[{"name":"wp","href":"https:\/\/api.w.org\/{rel}","templated":true}]}}