{"id":1643,"date":"2025-04-15T13:23:50","date_gmt":"2025-04-15T13:23:50","guid":{"rendered":"https:\/\/smalandsstenarhotell.se\/?page_id=1643"},"modified":"2025-07-01T11:03:42","modified_gmt":"2025-07-01T11:03:42","slug":"trubadurfredag","status":"publish","type":"page","link":"https:\/\/smalandsstenarhotell.se\/en\/event\/trubadurfredag\/","title":{"rendered":"Troubadour Friday"},"content":{"rendered":"<p><style>@media (min-width: 992px) { .liquid-row-responsive-69f16d366966b {padding-top:250px !important; padding-bottom:250px !important;  }  }    <\/style><section data-row-bg=\"https:\/\/smalandsstenarhotell.se\/wp-content\/uploads\/2025\/04\/trubadurfredag-bild.jpg?id=1646\" style=\"background-position:50% 25% !important;\" data-bg-image=\"url\" class=\"vc_row vc_custom_1747845441378 liquid-row-responsive-69f16d366966b liquid-row-shadowbox-69f16d3669692 vc_row-has-fill vc_row-has-bg lqd-has-bg-markup row-bg-appended\"><span class=\"row-bg-loader\"><\/span><div class=\"row-bg-wrap\">\n\t\t<div class=\"row-bg-inner\">\n\t\t\t<figure class=\"row-bg\" ><\/figure>\n\t\t<\/div>\n\t<\/div><div class=\"liquid-row-overlay\" style=\"background:rgba(0, 0, 0, 0.25)\"><\/div><div class=\"one-row_bottom_divider\" style=\"height:96px;\"><svg fill=\"#ffffff\" xmlns=\"http:\/\/www.w3.org\/2000\/svg\" width=\"1440\" height=\"100\" viewbox=\"0 0 1440 100\" preserveaspectratio=\"none\">\n\t\t\t\t\t\t\t\t<path id=\"Row_Separator\" data-name=\"Row Separator\" d=\"M1440,0Q1080,99,720,99T0,0V100H1440Z\" \/>\n\t\t\t\t\t\t\t<\/svg><\/div><div class=\"ld-container container\"><div class=\"row ld-row ld-row-outer vc_row-o-content-middle vc_row-flex\"><style>@media (min-width: 768px) { .liquid-column-responsive-69f16d3669ca9 > .vc_column-inner {margin-bottom:0px !important;  }  } <\/style><div class=\"wpb_column vc_column_container vc_col-sm-12 text-center liquid-column-69f16d3669ca8 liquid-column-responsive-69f16d3669ca9\"><div class=\"vc_column-inner  vc_custom_1740089444398\" ><div class=\"wpb_wrapper\"  ><style>.ld_fancy_heading_69f16d3669e16 h1{color:rgb(255, 255, 255);}.ld_fancy_heading_69f16d3669e16 h1 {font-size:46px; } @media (min-width: 768px) { .ld_fancy_heading_69f16d3669e16 h1 {font-size:50px; }  } @media (min-width: 992px) { .ld_fancy_heading_69f16d3669e16 h1 {font-size:68px; }  } @media (min-width: 992px) { .ld_fancy_heading_69f16d3669e16 h1 {line-height:1em; }  } @media (min-width: 992px) { .ld_fancy_heading_69f16d3669e16 h1 {--element-line-height:1em; }  } @media (min-width: 992px) { .ld_fancy_heading_69f16d3669e16 h1 {font-weight:700; }  } .ld_fancy_heading_69f16d3669e16 .lqd-highlight-inner{height:0.275em!important;bottom:0px!important;}.ld_fancy_heading_69f16d3669e16 h1 {font-size:46px; } @media (min-width: 768px) { .ld_fancy_heading_69f16d3669e16 h1 {font-size:50px; }  } @media (min-width: 992px) { .ld_fancy_heading_69f16d3669e16 h1 {font-size:68px; }  } @media (min-width: 992px) { .ld_fancy_heading_69f16d3669e16 h1 {line-height:1em; }  } @media (min-width: 992px) { .ld_fancy_heading_69f16d3669e16 h1 {--element-line-height:1em; }  } @media (min-width: 992px) { .ld_fancy_heading_69f16d3669e16 h1 {font-weight:700; }  } <\/style><div class=\"ld-fancy-heading ld_fancy_heading_69f16d3669e16\">\n\t<h1 class=\"ld-fh-element lqd-highlight-underline lqd-highlight-grow-left text-decoration-default\"   >  Finally, Troubadour Friday again!<\/h1><\/div><\/div><\/div><\/div><\/div><\/div><\/section><style>@media (min-width: 992px) { .liquid-row-responsive-69f16d366a2d7 {margin-top:30px !important; padding-top:40px !important;  }  }    <\/style><section class=\"vc_row vc_custom_1741549461273 liquid-row-responsive-69f16d366a2d7 liquid-row-shadowbox-69f16d366a2ea\"><div class=\"ld-container container\"><div class=\"row ld-row ld-row-outer\"><style>@media (min-width: 992px) { .liquid-column-responsive-69f16d366a6e2 > .vc_column-inner {margin-bottom:5px !important;  }  } <\/style><div class=\"wpb_column vc_column_container vc_col-sm-12 text-center text-md-left liquid-column-69f16d366a6e1 liquid-column-responsive-69f16d366a6e2\"><div class=\"vc_column-inner  vc_custom_1742558136958\" ><div class=\"wpb_wrapper\"  ><style>@media (min-width: 992px) { .liquid-row-responsive-69f16d366aa0f {margin-bottom:20px !important;  }  }  <\/style><div class=\"vc_row vc_inner vc_row-fluid liquid-row-responsive-69f16d366aa0f liquid-row-shadowbox-69f16d366aa21 vc_column-gap-30\"><div class=\"ld-container container-fluid\"><div class=\"row ld-row ld-row-inner\"><div class=\"wpb_column vc_column_container vc_col-sm-6 text-left liquid-column-69f16d366ae2a\"><div class=\"vc_column-inner\" ><div class=\"wpb_wrapper\" ><style>.ld_fancy_heading_69f16d366afd2 h2 {font-size:28px; } @media (min-width: 992px) { .ld_fancy_heading_69f16d366afd2 h2 {font-size:42px; }  } .ld_fancy_heading_69f16d366afd2 h2 {margin-bottom:0.35em !important;  } .ld_fancy_heading_69f16d366afd2 .lqd-highlight-inner{height:0.275em!important;bottom:0px!important;}.ld_fancy_heading_69f16d366afd2 h2 {font-size:28px; } @media (min-width: 992px) { .ld_fancy_heading_69f16d366afd2 h2 {font-size:42px; }  } .ld_fancy_heading_69f16d366afd2 h2 {margin-bottom:0.35em !important;  } <\/style><div class=\"ld-fancy-heading text-left ld_fancy_heading_69f16d366afd2\">\n\t<h2 class=\"ld-fh-element lqd-highlight-underline lqd-highlight-grow-left text-decoration-default\"   >  23\/5 Troubadour Friday with Christof Jepson<\/h2><\/div><style>.ld_fancy_heading_69f16d366b1c7 p {padding-bottom:0px !important;  } .ld_fancy_heading_69f16d366b1c7 p {margin-bottom:15px !important;  } .ld_fancy_heading_69f16d366b1c7 .lqd-highlight-inner{height:0.275em!important;bottom:0px!important;}.ld_fancy_heading_69f16d366b1c7 p {padding-bottom:0px !important;  } .ld_fancy_heading_69f16d366b1c7 p {margin-bottom:15px !important;  } <\/style><div class=\"ld-fancy-heading text-left ld_fancy_heading_69f16d366b1c7\">\n\t<p class=\"ld-fh-element lqd-highlight-underline lqd-highlight-grow-left text-decoration-default\"   >  This Friday, Christof Jepson is coming to us and there will be a great atmosphere until midnight! Gather your friends or colleagues, meet new acquaintances, and let yourself be swept away by the music and the happy party atmosphere!<\/p><\/div><div class=\"vc_separator wpb_content_element vc_separator_align_center vc_sep_width_100 vc_sep_pos_align_center vc_separator_no_text vc_sep_color_grey vc_custom_1742558072156  vc_custom_1742558072156\" ><span class=\"vc_sep_holder vc_sep_holder_l\"><span  class=\"vc_sep_line\"><\/span><\/span><span class=\"vc_sep_holder vc_sep_holder_r\"><span  class=\"vc_sep_line\"><\/span><\/span>\n<\/div><style>.ld_fancy_heading_69f16d366b65b .lqd-highlight-inner{height:0.275em!important;bottom:0px!important;}<\/style><div class=\"ld-fancy-heading text-left ld_fancy_heading_69f16d366b65b\">\n\t<p class=\"ld-fh-element lqd-highlight-underline lqd-highlight-grow-left text-decoration-default\"   >  <strong>Delicious buffet and dessert of the evening<\/strong><br \/>\nTonight's nacho buffet will be served between 18.00 and 20.00, eat as much as you can!<br \/>\nRaspberry mousse for dessert is served at the coffee and dessert table after the meal.<\/p>\n<p><strong>Price<\/strong><br \/>\n249 SEK per person, pre-booking for the buffet is a must to secure your place.<\/p>\n<p><strong>Just thirsty and want to hang out with good friends?<\/strong><br \/>\nDrop in during the evening - we're open from 8pm to midnight and welcome everyone for a great night out!<\/p>\n<p><strong>No admission, 18 years old<\/strong><\/p><\/div>\n\t<div class=\"wpb_raw_code wpb_content_element wpb_raw_html\" >\n\t\t<div class=\"wpb_wrapper\">\n\t\t\t<button data-hash=\"42ae086a817885289a2c3895bbd19716\" class=\"waiteraid-widget\">\n    <i class=\"fas fa-glass-cheers\"><\/i>\n    <span class=\"separator\"><\/span>\n    Book a table\n<\/button>\n\t\t<\/div>\n\t<\/div>\n<\/div><\/div><\/div><div class=\"wpb_column vc_column_container vc_col-sm-6 liquid-column-69f16d366bc58\"><div class=\"vc_column-inner\" ><div class=\"wpb_wrapper\" >\n\t<div  class=\"wpb_single_image wpb_content_element vc_align_  liquid_vc_single_image-69f16d366c1cc\">\n\t\t\n\t\t<figure class=\"wpb_wrapper vc_figure\">\n\t\t\t<div class=\"vc_single_image-wrapper vc_box_rounded\"><img loading=\"lazy\" decoding=\"async\" width=\"743\" height=\"1100\" src=\"https:\/\/smalandsstenarhotell.se\/wp-content\/uploads\/2025\/04\/trubadurfredag-bild2.jpg\" class=\"vc_single_image-img attachment-full\" alt=\"\" title=\"troubadour-friday-picture2\" srcset=\"https:\/\/smalandsstenarhotell.se\/wp-content\/uploads\/2025\/04\/trubadurfredag-bild2.jpg 743w, https:\/\/smalandsstenarhotell.se\/wp-content\/uploads\/2025\/04\/trubadurfredag-bild2-203x300.jpg 203w, https:\/\/smalandsstenarhotell.se\/wp-content\/uploads\/2025\/04\/trubadurfredag-bild2-692x1024.jpg 692w, https:\/\/smalandsstenarhotell.se\/wp-content\/uploads\/2025\/04\/trubadurfredag-bild2-8x12.jpg 8w\" sizes=\"auto, (max-width: 743px) 100vw, 743px\" \/><\/div>\n\t\t<\/figure>\n\t<\/div>\n<\/div><\/div><\/div><\/div><\/div><\/div><\/div><\/div><\/div><\/div><\/div><\/section>","protected":false},"excerpt":{"rendered":"\u00c4ntligen trubadurfredag igen! 23\/5 Trubadurfredag med Christof Jepson Denna fredag kommer Christof Jepson till oss och det kommer att bli h\u00e4rlig st\u00e4mning fram till midnatt! Samla kompisarna eller kollegorna, tr\u00e4ffa nya bekantskaper, och l\u00e5t dig svepas med i musiken och den glada festst\u00e4mningen! Kv\u00e4llens h\u00e4rliga buff\u00e9 och dessert Kv\u00e4llens nachobuff\u00e9 st\u00e5r uppdukad mellan 18.00 och [...]","protected":false},"author":1,"featured_media":1187,"parent":1378,"menu_order":0,"comment_status":"closed","ping_status":"closed","template":"","meta":{"footnotes":""},"class_list":["post-1643","page","type-page","status-publish","has-post-thumbnail","hentry"],"_links":{"self":[{"href":"https:\/\/smalandsstenarhotell.se\/en\/wp-json\/wp\/v2\/pages\/1643","targetHints":{"allow":["GET"]}}],"collection":[{"href":"https:\/\/smalandsstenarhotell.se\/en\/wp-json\/wp\/v2\/pages"}],"about":[{"href":"https:\/\/smalandsstenarhotell.se\/en\/wp-json\/wp\/v2\/types\/page"}],"author":[{"embeddable":true,"href":"https:\/\/smalandsstenarhotell.se\/en\/wp-json\/wp\/v2\/users\/1"}],"replies":[{"embeddable":true,"href":"https:\/\/smalandsstenarhotell.se\/en\/wp-json\/wp\/v2\/comments?post=1643"}],"version-history":[{"count":3,"href":"https:\/\/smalandsstenarhotell.se\/en\/wp-json\/wp\/v2\/pages\/1643\/revisions"}],"predecessor-version":[{"id":2454,"href":"https:\/\/smalandsstenarhotell.se\/en\/wp-json\/wp\/v2\/pages\/1643\/revisions\/2454"}],"up":[{"embeddable":true,"href":"https:\/\/smalandsstenarhotell.se\/en\/wp-json\/wp\/v2\/pages\/1378"}],"wp:featuredmedia":[{"embeddable":true,"href":"https:\/\/smalandsstenarhotell.se\/en\/wp-json\/wp\/v2\/media\/1187"}],"wp:attachment":[{"href":"https:\/\/smalandsstenarhotell.se\/en\/wp-json\/wp\/v2\/media?parent=1643"}],"curies":[{"name":"wp","href":"https:\/\/api.w.org\/{rel}","templated":true}]}}