{"id":2619,"date":"2025-08-18T13:54:44","date_gmt":"2025-08-18T13:54:44","guid":{"rendered":"https:\/\/smalandsstenarhotell.se\/?page_id=2619"},"modified":"2025-11-27T07:52:33","modified_gmt":"2025-11-27T07:52:33","slug":"julbord","status":"publish","type":"page","link":"https:\/\/smalandsstenarhotell.se\/en\/event\/julbord\/","title":{"rendered":"Christmas table"},"content":{"rendered":"<p><style>@media (min-width: 992px) { .liquid-row-responsive-69f0dc2e2d7fa {padding-top:250px !important; padding-bottom:250px !important;  }  }    <\/style><section data-row-bg=\"https:\/\/smalandsstenarhotell.se\/wp-content\/uploads\/2025\/08\/20241123_172814-rotated.jpg?id=2605\" style=\"background-position:center center !important;\" data-bg-image=\"url\" class=\"vc_row vc_custom_1759148831960 liquid-row-responsive-69f0dc2e2d7fa liquid-row-shadowbox-69f0dc2e2d80f vc_row-has-fill vc_row-has-bg lqd-has-bg-markup row-bg-appended\"><span class=\"row-bg-loader\"><\/span><div class=\"row-bg-wrap\">\n\t\t<div class=\"row-bg-inner\">\n\t\t\t<figure class=\"row-bg\" ><\/figure>\n\t\t<\/div>\n\t<\/div><div class=\"liquid-row-overlay\" style=\"background:rgba(0, 0, 0, 0.25)\"><\/div><div class=\"one-row_bottom_divider\" style=\"height:96px;\"><svg fill=\"#ffffff\" xmlns=\"http:\/\/www.w3.org\/2000\/svg\" width=\"1440\" height=\"100\" viewbox=\"0 0 1440 100\" preserveaspectratio=\"none\">\n\t\t\t\t\t\t\t\t<path id=\"Row_Separator\" data-name=\"Row Separator\" d=\"M1440,0Q1080,99,720,99T0,0V100H1440Z\" \/>\n\t\t\t\t\t\t\t<\/svg><\/div><div class=\"ld-container container\"><div class=\"row ld-row ld-row-outer vc_row-o-content-middle vc_row-flex\"><style>@media (min-width: 768px) { .liquid-column-responsive-69f0dc2e2dc0c > .vc_column-inner {margin-bottom:0px !important;  }  } <\/style><div class=\"wpb_column vc_column_container vc_col-sm-12 text-center liquid-column-69f0dc2e2dc0b liquid-column-responsive-69f0dc2e2dc0c\"><div class=\"vc_column-inner  vc_custom_1740089444398\" ><div class=\"wpb_wrapper\"  ><style>.ld_fancy_heading_69f0dc2e2dcfb h1{color:rgb(255, 255, 255);}.ld_fancy_heading_69f0dc2e2dcfb h1 {font-size:46px; } @media (min-width: 768px) { .ld_fancy_heading_69f0dc2e2dcfb h1 {font-size:50px; }  } @media (min-width: 992px) { .ld_fancy_heading_69f0dc2e2dcfb h1 {font-size:68px; }  } @media (min-width: 992px) { .ld_fancy_heading_69f0dc2e2dcfb h1 {line-height:1em; }  } @media (min-width: 992px) { .ld_fancy_heading_69f0dc2e2dcfb h1 {--element-line-height:1em; }  } @media (min-width: 992px) { .ld_fancy_heading_69f0dc2e2dcfb h1 {font-weight:700; }  } .ld_fancy_heading_69f0dc2e2dcfb .lqd-highlight-inner{height:0.275em!important;bottom:0px!important;}.ld_fancy_heading_69f0dc2e2dcfb h1 {font-size:46px; } @media (min-width: 768px) { .ld_fancy_heading_69f0dc2e2dcfb h1 {font-size:50px; }  } @media (min-width: 992px) { .ld_fancy_heading_69f0dc2e2dcfb h1 {font-size:68px; }  } @media (min-width: 992px) { .ld_fancy_heading_69f0dc2e2dcfb h1 {line-height:1em; }  } @media (min-width: 992px) { .ld_fancy_heading_69f0dc2e2dcfb h1 {--element-line-height:1em; }  } @media (min-width: 992px) { .ld_fancy_heading_69f0dc2e2dcfb h1 {font-weight:700; }  } <\/style><div class=\"ld-fancy-heading ld_fancy_heading_69f0dc2e2dcfb\">\n\t<h1 class=\"ld-fh-element lqd-highlight-underline lqd-highlight-grow-left text-decoration-default\"   >  Christmas table flavoured with love<\/h1><\/div><\/div><\/div><\/div><\/div><\/div><\/section><style>@media (min-width: 992px) { .liquid-row-responsive-69f0dc2e2e034 {margin-top:30px !important; padding-top:40px !important;  }  }    <\/style><section class=\"vc_row vc_custom_1741549461273 liquid-row-responsive-69f0dc2e2e034 liquid-row-shadowbox-69f0dc2e2e040\"><div class=\"ld-container container\"><div class=\"row ld-row ld-row-outer\"><style>@media (min-width: 992px) { .liquid-column-responsive-69f0dc2e2e2b3 > .vc_column-inner {margin-bottom:5px !important;  }  } <\/style><div class=\"wpb_column vc_column_container vc_col-sm-12 text-center text-md-left liquid-column-69f0dc2e2e2b2 liquid-column-responsive-69f0dc2e2e2b3\"><div class=\"vc_column-inner  vc_custom_1742558136958\" ><div class=\"wpb_wrapper\"  ><style>@media (min-width: 992px) { .liquid-row-responsive-69f0dc2e2e4ce {margin-bottom:20px !important;  }  }  <\/style><div class=\"vc_row vc_inner vc_row-fluid liquid-row-responsive-69f0dc2e2e4ce liquid-row-shadowbox-69f0dc2e2e4da vc_column-gap-30\"><div class=\"ld-container container-fluid\"><div class=\"row ld-row ld-row-inner\"><div class=\"wpb_column vc_column_container vc_col-sm-6 text-left liquid-column-69f0dc2e2e771\"><div class=\"vc_column-inner\" ><div class=\"wpb_wrapper\" ><style>.ld_fancy_heading_69f0dc2e2e868 h2 {font-size:28px; } @media (min-width: 992px) { .ld_fancy_heading_69f0dc2e2e868 h2 {font-size:42px; }  } .ld_fancy_heading_69f0dc2e2e868 h2 {margin-bottom:0.35em !important;  } .ld_fancy_heading_69f0dc2e2e868 .lqd-highlight-inner{height:0.275em!important;bottom:0px!important;}.ld_fancy_heading_69f0dc2e2e868 h2 {font-size:28px; } @media (min-width: 992px) { .ld_fancy_heading_69f0dc2e2e868 h2 {font-size:42px; }  } .ld_fancy_heading_69f0dc2e2e868 h2 {margin-bottom:0.35em !important;  } <\/style><div class=\"ld-fancy-heading text-left ld_fancy_heading_69f0dc2e2e868\">\n\t<h2 class=\"ld-fh-element lqd-highlight-underline lqd-highlight-grow-left text-decoration-default\"   >  A tasty moment in a cosy Christmas atmosphere<\/h2><\/div><style>.ld_fancy_heading_69f0dc2e2e9b2 p {padding-bottom:0px !important;  } .ld_fancy_heading_69f0dc2e2e9b2 p {margin-bottom:15px !important;  } .ld_fancy_heading_69f0dc2e2e9b2 .lqd-highlight-inner{height:0.275em!important;bottom:0px!important;}.ld_fancy_heading_69f0dc2e2e9b2 p {padding-bottom:0px !important;  } .ld_fancy_heading_69f0dc2e2e9b2 p {margin-bottom:15px !important;  } <\/style><div class=\"ld-fancy-heading text-left ld_fancy_heading_69f0dc2e2e9b2\">\n\t<p class=\"ld-fh-element lqd-highlight-underline lqd-highlight-grow-left text-decoration-default\"   >  <\/p>\n<p data-start=\"0\" data-end=\"35\">Welcome to celebrate Christmas with us!<\/p>\n<p data-start=\"37\" data-end=\"377\">Gather friends, family or colleagues and experience our atmospheric Christmas table, filled with classic flavours, homemade dishes flavoured with love and carefully selected delicacies.<br \/>\n<br data-start=\"218\" data-end=\"221\" \/>Here, amidst candlelight and Christmas music, the aroma of freshly grilled ham, homemade meatballs and spicy herring meet in an environment that breathes caring and Christmas cheer.<\/p>\n<p data-start=\"379\" data-end=\"687\">With us, you start the Christmas table with a cosy mulled wine mingle in our warm and welcoming entrance. Here you have time to settle in, catch up and feel the Christmas spirit before you sit down at the table. For larger groups, the mingle is a perfect start to the evening, a moment where the community has time to take place even before the food.<\/p>\n<p data-start=\"689\" data-end=\"952\">After the mulled wine, you'll be welcomed to a well-stocked Christmas table with both cold and warm traditions and innovations. And when you think you've finished your meal, a generous gourmet table awaits you with a chocolate fountain, sweets and all the little temptations of Christmas.<\/p>\n<p data-start=\"954\" data-end=\"1197\">With us you get that little bit extra: the personal service, the homemade flavour, the cosy environment and the feeling of being really taken care of.<\/p>\n<p data-start=\"1199\" data-end=\"1334\">Book your Christmas table today and let us take care of you - all you have to do is sit back and enjoy the best flavours of Christmas.<\/p>\n<p data-start=\"1336\" data-end=\"1393\">Date:<br data-start=\"1342\" data-end=\"1345\" \/><del>27 November<\/del><br \/>\n28 November<br \/>\n<del>4 December<\/del><br \/>\n5 December<br \/>\n6 December<br \/>\n11 December<br \/>\n<del>12 December<\/del><br \/>\n<del>13 December<\/del><\/p>\n<p data-start=\"1395\" data-end=\"1539\" data-is-last-node=\"\" data-is-only-node=\"\">Price: 845 SEK including non-alcoholic beer, wine or must with the meal.<\/p>\n<p><\/p><\/div><div class=\"vc_separator wpb_content_element vc_separator_align_center vc_sep_width_100 vc_sep_pos_align_center vc_separator_no_text vc_sep_color_grey vc_custom_1742558072156  vc_custom_1742558072156\" ><span class=\"vc_sep_holder vc_sep_holder_l\"><span  class=\"vc_sep_line\"><\/span><\/span><span class=\"vc_sep_holder vc_sep_holder_r\"><span  class=\"vc_sep_line\"><\/span><\/span>\n<\/div><style>.ld_fancy_heading_69f0dc2e2ed90 .lqd-highlight-inner{height:0.275em!important;bottom:0px!important;}<\/style><div class=\"ld-fancy-heading text-left ld_fancy_heading_69f0dc2e2ed90\">\n\t<p class=\"ld-fh-element lqd-highlight-underline lqd-highlight-grow-left text-decoration-default\"   >  Book directly here on the website or email us at bokning@smalandsstenarhotell.se<\/p><\/div>\n\t<div class=\"wpb_raw_code wpb_content_element wpb_raw_html\" >\n\t\t<div class=\"wpb_wrapper\">\n\t\t\t<button data-hash=\"42ae086a817885289a2c3895bbd19716\" class=\"waiteraid-widget\">\n    <i class=\"fas fa-utensils\"><\/i>\n    <span class=\"separator\"><\/span>\n    Book a table\n<\/button>\n\t\t<\/div>\n\t<\/div>\n<\/div><\/div><\/div><div class=\"wpb_column vc_column_container vc_col-sm-6 liquid-column-69f0dc2e2f102\"><div class=\"vc_column-inner\" ><div class=\"wpb_wrapper\" >\n\t<div  class=\"wpb_single_image wpb_content_element vc_align_  liquid_vc_single_image-69f0dc2e2f4d2\">\n\t\t\n\t\t<figure class=\"wpb_wrapper vc_figure\">\n\t\t\t<div class=\"vc_single_image-wrapper vc_box_rounded\"><img loading=\"lazy\" decoding=\"async\" width=\"3000\" height=\"4000\" src=\"https:\/\/smalandsstenarhotell.se\/wp-content\/uploads\/2025\/09\/20241129_171639-rotated.jpg\" class=\"vc_single_image-img attachment-full\" alt=\"\" title=\"20241129_171639\" srcset=\"https:\/\/smalandsstenarhotell.se\/wp-content\/uploads\/2025\/09\/20241129_171639-rotated.jpg 3000w, https:\/\/smalandsstenarhotell.se\/wp-content\/uploads\/2025\/09\/20241129_171639-225x300.jpg 225w, https:\/\/smalandsstenarhotell.se\/wp-content\/uploads\/2025\/09\/20241129_171639-768x1024.jpg 768w, https:\/\/smalandsstenarhotell.se\/wp-content\/uploads\/2025\/09\/20241129_171639-rotated-9x12.jpg 9w\" sizes=\"auto, (max-width: 3000px) 100vw, 3000px\" \/><\/div>\n\t\t<\/figure>\n\t<\/div>\n<\/div><\/div><\/div><\/div><\/div><\/div><\/div><\/div><\/div><\/div><\/div><\/section>","protected":false},"excerpt":{"rendered":"Julbord kryddat med k\u00e4rlek En v\u00e4lsmakande stund i ombonad julst\u00e4mning V\u00e4lkommen att fira julen hos oss! Samla v\u00e4nner, familj eller kollegor och upplev v\u00e5rt st\u00e4mningsfulla julbord, fyllt av klassiska smaker, hemlagade r\u00e4tter smaksatt med mycket k\u00e4rlek och noggrant utvalda delikatesser. H\u00e4r, bland levande ljus och julmusik m\u00f6ts doften av nygriljerad skinka, hemlagade k\u00f6ttbullar och kryddiga [...]","protected":false},"author":2,"featured_media":0,"parent":1378,"menu_order":0,"comment_status":"closed","ping_status":"closed","template":"","meta":{"footnotes":""},"class_list":["post-2619","page","type-page","status-publish","hentry"],"_links":{"self":[{"href":"https:\/\/smalandsstenarhotell.se\/en\/wp-json\/wp\/v2\/pages\/2619","targetHints":{"allow":["GET"]}}],"collection":[{"href":"https:\/\/smalandsstenarhotell.se\/en\/wp-json\/wp\/v2\/pages"}],"about":[{"href":"https:\/\/smalandsstenarhotell.se\/en\/wp-json\/wp\/v2\/types\/page"}],"author":[{"embeddable":true,"href":"https:\/\/smalandsstenarhotell.se\/en\/wp-json\/wp\/v2\/users\/2"}],"replies":[{"embeddable":true,"href":"https:\/\/smalandsstenarhotell.se\/en\/wp-json\/wp\/v2\/comments?post=2619"}],"version-history":[{"count":6,"href":"https:\/\/smalandsstenarhotell.se\/en\/wp-json\/wp\/v2\/pages\/2619\/revisions"}],"predecessor-version":[{"id":3151,"href":"https:\/\/smalandsstenarhotell.se\/en\/wp-json\/wp\/v2\/pages\/2619\/revisions\/3151"}],"up":[{"embeddable":true,"href":"https:\/\/smalandsstenarhotell.se\/en\/wp-json\/wp\/v2\/pages\/1378"}],"wp:attachment":[{"href":"https:\/\/smalandsstenarhotell.se\/en\/wp-json\/wp\/v2\/media?parent=2619"}],"curies":[{"name":"wp","href":"https:\/\/api.w.org\/{rel}","templated":true}]}}