{"id":3183,"date":"2025-12-02T15:00:59","date_gmt":"2025-12-02T15:00:59","guid":{"rendered":"https:\/\/smalandsstenarhotell.se\/?page_id=3183"},"modified":"2025-12-08T13:42:22","modified_gmt":"2025-12-08T13:42:22","slug":"whisky","status":"publish","type":"page","link":"https:\/\/smalandsstenarhotell.se\/en\/event\/whisky\/","title":{"rendered":"Whisky tasting"},"content":{"rendered":"<p><style>@media (min-width: 992px) { .liquid-row-responsive-69f0c5bb2ce1b {padding-top:250px !important; padding-bottom:250px !important;  }  }    <\/style><section data-row-bg=\"https:\/\/smalandsstenarhotell.se\/wp-content\/uploads\/2025\/12\/whisky-tasting-2.jpg?id=3184\" style=\"background-position:center top !important;\" data-bg-image=\"url\" class=\"vc_row vc_custom_1764687396116 liquid-row-responsive-69f0c5bb2ce1b liquid-row-shadowbox-69f0c5bb2ce30 vc_row-has-fill vc_row-has-bg lqd-has-bg-markup row-bg-appended\"><span class=\"row-bg-loader\"><\/span><div class=\"row-bg-wrap\">\n\t\t<div class=\"row-bg-inner\">\n\t\t\t<figure class=\"row-bg\" ><\/figure>\n\t\t<\/div>\n\t<\/div><div class=\"liquid-row-overlay\" style=\"background:rgba(0, 0, 0, 0.25)\"><\/div><div class=\"one-row_bottom_divider\" style=\"height:96px;\"><svg fill=\"#ffffff\" xmlns=\"http:\/\/www.w3.org\/2000\/svg\" width=\"1440\" height=\"100\" viewbox=\"0 0 1440 100\" preserveaspectratio=\"none\">\n\t\t\t\t\t\t\t\t<path id=\"Row_Separator\" data-name=\"Row Separator\" d=\"M1440,0Q1080,99,720,99T0,0V100H1440Z\" \/>\n\t\t\t\t\t\t\t<\/svg><\/div><div class=\"ld-container container\"><div class=\"row ld-row ld-row-outer vc_row-o-content-middle vc_row-flex\"><style>@media (min-width: 768px) { .liquid-column-responsive-69f0c5bb2d218 > .vc_column-inner {margin-bottom:0px !important;  }  } <\/style><div class=\"wpb_column vc_column_container vc_col-sm-12 text-center liquid-column-69f0c5bb2d217 liquid-column-responsive-69f0c5bb2d218\"><div class=\"vc_column-inner  vc_custom_1740089444398\" ><div class=\"wpb_wrapper\"  ><style>.ld_fancy_heading_69f0c5bb2d2f7 h1{color:rgb(255, 255, 255);}.ld_fancy_heading_69f0c5bb2d2f7 h1 {font-size:46px; } @media (min-width: 768px) { .ld_fancy_heading_69f0c5bb2d2f7 h1 {font-size:50px; }  } @media (min-width: 992px) { .ld_fancy_heading_69f0c5bb2d2f7 h1 {font-size:68px; }  } @media (min-width: 992px) { .ld_fancy_heading_69f0c5bb2d2f7 h1 {line-height:1em; }  } @media (min-width: 992px) { .ld_fancy_heading_69f0c5bb2d2f7 h1 {--element-line-height:1em; }  } @media (min-width: 992px) { .ld_fancy_heading_69f0c5bb2d2f7 h1 {font-weight:700; }  } .ld_fancy_heading_69f0c5bb2d2f7 .lqd-highlight-inner{height:0.275em!important;bottom:0px!important;}.ld_fancy_heading_69f0c5bb2d2f7 h1 {font-size:46px; } @media (min-width: 768px) { .ld_fancy_heading_69f0c5bb2d2f7 h1 {font-size:50px; }  } @media (min-width: 992px) { .ld_fancy_heading_69f0c5bb2d2f7 h1 {font-size:68px; }  } @media (min-width: 992px) { .ld_fancy_heading_69f0c5bb2d2f7 h1 {line-height:1em; }  } @media (min-width: 992px) { .ld_fancy_heading_69f0c5bb2d2f7 h1 {--element-line-height:1em; }  } @media (min-width: 992px) { .ld_fancy_heading_69f0c5bb2d2f7 h1 {font-weight:700; }  } <\/style><div class=\"ld-fancy-heading ld_fancy_heading_69f0c5bb2d2f7\">\n\t<\/div><\/div><\/div><\/div><\/div><\/div><\/section><style>@media (min-width: 992px) { .liquid-row-responsive-69f0c5bb2dcd1 {margin-top:30px !important; padding-top:40px !important;  }  }    <\/style><section class=\"vc_row vc_custom_1741549461273 liquid-row-responsive-69f0c5bb2dcd1 liquid-row-shadowbox-69f0c5bb2dce6\"><div class=\"ld-container container\"><div class=\"row ld-row ld-row-outer\"><style>@media (min-width: 992px) { .liquid-column-responsive-69f0c5bb2e011 > .vc_column-inner {margin-bottom:5px !important;  }  } <\/style><div class=\"wpb_column vc_column_container vc_col-sm-12 text-center text-md-left liquid-column-69f0c5bb2e00f liquid-column-responsive-69f0c5bb2e011\"><div class=\"vc_column-inner  vc_custom_1742558136958\" ><div class=\"wpb_wrapper\"  ><style>@media (min-width: 992px) { .liquid-row-responsive-69f0c5bb2e24b {margin-bottom:20px !important;  }  }  <\/style><div class=\"vc_row vc_inner vc_row-fluid liquid-row-responsive-69f0c5bb2e24b liquid-row-shadowbox-69f0c5bb2e258 vc_column-gap-30\"><div class=\"ld-container container-fluid\"><div class=\"row ld-row ld-row-inner\"><div class=\"wpb_column vc_column_container vc_col-sm-6 text-left liquid-column-69f0c5bb2e501\"><div class=\"vc_column-inner\" ><div class=\"wpb_wrapper\" ><style>.ld_fancy_heading_69f0c5bb2e60f h2 {font-size:28px; } @media (min-width: 992px) { .ld_fancy_heading_69f0c5bb2e60f h2 {font-size:42px; }  } .ld_fancy_heading_69f0c5bb2e60f h2 {margin-bottom:0.35em !important;  } .ld_fancy_heading_69f0c5bb2e60f .lqd-highlight-inner{height:0.275em!important;bottom:0px!important;}.ld_fancy_heading_69f0c5bb2e60f h2 {font-size:28px; } @media (min-width: 992px) { .ld_fancy_heading_69f0c5bb2e60f h2 {font-size:42px; }  } .ld_fancy_heading_69f0c5bb2e60f h2 {margin-bottom:0.35em !important;  } <\/style><div class=\"ld-fancy-heading text-left ld_fancy_heading_69f0c5bb2e60f\">\n\t<h2 class=\"ld-fh-element lqd-highlight-underline lqd-highlight-grow-left text-decoration-default\"   >  Whisky tasting<\/h2><\/div><div class=\"vc_separator wpb_content_element vc_separator_align_center vc_sep_width_100 vc_sep_pos_align_center vc_separator_no_text vc_sep_color_grey vc_custom_1742558072156  vc_custom_1742558072156\" ><span class=\"vc_sep_holder vc_sep_holder_l\"><span  class=\"vc_sep_line\"><\/span><\/span><span class=\"vc_sep_holder vc_sep_holder_r\"><span  class=\"vc_sep_line\"><\/span><\/span>\n<\/div><style>.ld_fancy_heading_69f0c5bb2ee82 .lqd-highlight-inner{height:0.275em!important;bottom:0px!important;}<\/style><div class=\"ld-fancy-heading text-left ld_fancy_heading_69f0c5bb2ee82\">\n\t<p class=\"ld-fh-element lqd-highlight-underline lqd-highlight-grow-left text-decoration-default\"   >  <strong>Second tasting of the year - whisky!<\/strong><\/p>\n<p>On 12 March, it's time for our long-awaited whisky tasting! During the evening you will experience the wide world of whisky flavours - from smooth, malty notes to fuller characters with smoke and depth. A perfect experience to share with colleagues, friends, family or to enjoy on your own.<\/p>\n<p>Doors open at 17.30 for those who want to get into the mood before the tasting starts at 18.30 with Lennart Olsson from Halmstad.<\/p>\n<p>After the tasting, we serve a warming meat stew with homemade mashed potatoes, followed by a delicious dessert. The bar is open until 10 pm for those who want to stay and continue the evening with something good in the glass.<\/p>\n<p>Price: 795 kr<br \/>\n<em>Payable directly when booking.<\/em><\/p>\n<p>Welcome to an evening of flavour, company and discovery!<\/p><\/div><style>.ld_button_69f0c5bb2f10e.btn-icon-solid .btn-icon{background:rgb(239, 221, 213);}.ld_button_69f0c5bb2f10e.btn-icon-circle.btn-icon-ripple .btn-icon:before{border-color:rgb(239, 221, 213);}.ld_button_69f0c5bb2f10e.btn-icon-solid:hover .btn-icon{background:rgb(255, 219, 203);}.ld_button_69f0c5bb2f10e .btn-icon{color:rgb(61, 61, 61);font-size:30px;margin-inline-start:12px !important;}.ld_button_69f0c5bb2f10e:hover .btn-icon{color:rgb(61, 61, 61);}.ld_button_69f0c5bb2f10e{background-color:rgb(239, 221, 213);border-color:rgb(239, 221, 213);color:rgb(61, 61, 61);}.ld_button_69f0c5bb2f10e:hover{background-color:rgb(255, 219, 203);border-color:rgb(255, 219, 203);color:rgb(61, 61, 61);}.ld_button_69f0c5bb2f10e .btn-gradient-bg-hover{background:-webkit-linear-gradient(to right, rgb(255, 219, 203) 0%, rgb(255, 219, 203) 100%);background:linear-gradient(to right, rgb(255, 219, 203) 0%, rgb(255, 219, 203) 100%);}.ld_button_69f0c5bb2f10e .btn-gradient-border defs stop:first-child{stop-color:rgb(239, 221, 213);}.ld_button_69f0c5bb2f10e .btn-gradient-border defs stop:last-child{stop-color:rgb(239, 221, 213);}.ld_button_69f0c5bb2f10e:hover .btn-gradient-border defs stop:first-child{stop-color:rgb(255, 219, 203);}.ld_button_69f0c5bb2f10e:hover .btn-gradient-border defs stop:last-child{stop-color:rgb(255, 219, 203);}.ld_button_69f0c5bb2f10e {font-size:17px; } .ld_button_69f0c5bb2f10e {line-height:2em; } .ld_button_69f0c5bb2f10e {--element-line-height:2em; } .ld_button_69f0c5bb2f10e {font-weight:500; } .ld_button_69f0c5bb2f10e .btn-icon:before{background:rgba(65, 65, 65, 0.1);}.ld_button_69f0c5bb2f10e {font-size:17px; } .ld_button_69f0c5bb2f10e {line-height:2em; } .ld_button_69f0c5bb2f10e {--element-line-height:2em; } .ld_button_69f0c5bb2f10e {font-weight:500; } <\/style><a href=\"https:\/\/app.bokabord.se\/reservation\/?hash=42ae086a817885289a2c3895bbd19716&#038;mealid=54604&#038;amount=&#038;date=&#038;time=\" title=\"Whisky tasting\" class=\"btn btn-solid btn-icon-sep btn-sm circle border-none btn-icon-left btn-has-label ld_button_69f0c5bb2f10e vc_custom_1764758437374\" >\n\t<span>\n\t\n\t\t\t\t\t<span class=\"btn-txt\" data-text=\"Boka whiskyprovning\" >Book a whisky tasting<\/span>\n\t\t\n\t<span class=\"btn-icon\"><i class=\"fas fa-glass-cheers\"><\/i><\/span>\t\t\t\t<\/span>\n<\/a>\n<\/div><\/div><\/div><div class=\"wpb_column vc_column_container vc_col-sm-6 liquid-column-69f0c5bb2f7c6\"><div class=\"vc_column-inner\" ><div class=\"wpb_wrapper\" >\n\t<div  class=\"wpb_single_image wpb_content_element vc_align_  liquid_vc_single_image-69f0c5bb2fc45\">\n\t\t\n\t\t<figure class=\"wpb_wrapper vc_figure\">\n\t\t\t<div class=\"vc_single_image-wrapper vc_box_rounded\"><img loading=\"lazy\" decoding=\"async\" width=\"1600\" height=\"659\" src=\"https:\/\/smalandsstenarhotell.se\/wp-content\/uploads\/2025\/12\/whisky-tasting-2.jpg\" class=\"vc_single_image-img attachment-full\" alt=\"\" title=\"whisky-tasting-2\" srcset=\"https:\/\/smalandsstenarhotell.se\/wp-content\/uploads\/2025\/12\/whisky-tasting-2.jpg 1600w, https:\/\/smalandsstenarhotell.se\/wp-content\/uploads\/2025\/12\/whisky-tasting-2-300x124.jpg 300w, https:\/\/smalandsstenarhotell.se\/wp-content\/uploads\/2025\/12\/whisky-tasting-2-1024x422.jpg 1024w, https:\/\/smalandsstenarhotell.se\/wp-content\/uploads\/2025\/12\/whisky-tasting-2-18x7.jpg 18w\" sizes=\"auto, (max-width: 1600px) 100vw, 1600px\" \/><\/div>\n\t\t<\/figure>\n\t<\/div>\n<\/div><\/div><\/div><\/div><\/div><\/div><\/div><\/div><\/div><\/div><\/div><\/section>","protected":false},"excerpt":{"rendered":"Whiskyprovning \u00c5rets andra dryckesprovning \u2013 whisky! Den 12\/3 \u00e4r det dags f\u00f6r v\u00e5r efterl\u00e4ngtade whiskyprovning! Under kv\u00e4llen f\u00e5r du uppleva whiskyns breda smakv\u00e4rld \u2013 fr\u00e5n lena, maltiga toner till fylligare karakt\u00e4rer med r\u00f6k och djup. En perfekt upplevelse att dela med kollegor, v\u00e4nner, familj eller att njuta av helt p\u00e5 egen hand. D\u00f6rrarna \u00f6ppnas kl. [...]","protected":false},"author":2,"featured_media":0,"parent":1378,"menu_order":0,"comment_status":"closed","ping_status":"closed","template":"","meta":{"footnotes":""},"class_list":["post-3183","page","type-page","status-publish","hentry"],"_links":{"self":[{"href":"https:\/\/smalandsstenarhotell.se\/en\/wp-json\/wp\/v2\/pages\/3183","targetHints":{"allow":["GET"]}}],"collection":[{"href":"https:\/\/smalandsstenarhotell.se\/en\/wp-json\/wp\/v2\/pages"}],"about":[{"href":"https:\/\/smalandsstenarhotell.se\/en\/wp-json\/wp\/v2\/types\/page"}],"author":[{"embeddable":true,"href":"https:\/\/smalandsstenarhotell.se\/en\/wp-json\/wp\/v2\/users\/2"}],"replies":[{"embeddable":true,"href":"https:\/\/smalandsstenarhotell.se\/en\/wp-json\/wp\/v2\/comments?post=3183"}],"version-history":[{"count":5,"href":"https:\/\/smalandsstenarhotell.se\/en\/wp-json\/wp\/v2\/pages\/3183\/revisions"}],"predecessor-version":[{"id":3210,"href":"https:\/\/smalandsstenarhotell.se\/en\/wp-json\/wp\/v2\/pages\/3183\/revisions\/3210"}],"up":[{"embeddable":true,"href":"https:\/\/smalandsstenarhotell.se\/en\/wp-json\/wp\/v2\/pages\/1378"}],"wp:attachment":[{"href":"https:\/\/smalandsstenarhotell.se\/en\/wp-json\/wp\/v2\/media?parent=3183"}],"curies":[{"name":"wp","href":"https:\/\/api.w.org\/{rel}","templated":true}]}}