{"id":3224,"date":"2025-12-12T10:21:16","date_gmt":"2025-12-12T10:21:16","guid":{"rendered":"https:\/\/smalandsstenarhotell.se\/?page_id=3224"},"modified":"2026-01-30T11:34:29","modified_gmt":"2026-01-30T11:34:29","slug":"trubadurkvall","status":"publish","type":"page","link":"https:\/\/smalandsstenarhotell.se\/en\/event\/trubadurkvall\/","title":{"rendered":"Troubadour evening"},"content":{"rendered":"<p><style>@media (min-width: 992px) { .liquid-row-responsive-69f0b201097de {padding-top:250px !important; padding-bottom:250px !important;  }  }    <\/style><section data-row-bg=\"https:\/\/smalandsstenarhotell.se\/wp-content\/uploads\/2025\/12\/D73348B4-AC04-4C8B-9495-B253B9F5E1AD.jpg?id=3221\" style=\"background-position:  !important;\" data-bg-image=\"url\" class=\"vc_row vc_custom_1765541004840 liquid-row-responsive-69f0b201097de liquid-row-shadowbox-69f0b201097f4 vc_row-has-fill vc_row-has-bg lqd-has-bg-markup row-bg-appended\"><span class=\"row-bg-loader\"><\/span><div class=\"row-bg-wrap\">\n\t\t<div class=\"row-bg-inner\">\n\t\t\t<figure class=\"row-bg\" ><\/figure>\n\t\t<\/div>\n\t<\/div><div class=\"liquid-row-overlay\" style=\"background:rgba(0, 0, 0, 0.25)\"><\/div><div class=\"one-row_bottom_divider\" style=\"height:96px;\"><svg fill=\"#ffffff\" xmlns=\"http:\/\/www.w3.org\/2000\/svg\" width=\"1440\" height=\"100\" viewbox=\"0 0 1440 100\" preserveaspectratio=\"none\">\n\t\t\t\t\t\t\t\t<path id=\"Row_Separator\" data-name=\"Row Separator\" d=\"M1440,0Q1080,99,720,99T0,0V100H1440Z\" \/>\n\t\t\t\t\t\t\t<\/svg><\/div><div class=\"ld-container container\"><div class=\"row ld-row ld-row-outer vc_row-o-content-middle vc_row-flex\"><style>@media (min-width: 768px) { .liquid-column-responsive-69f0b20109c46 > .vc_column-inner {margin-bottom:0px !important;  }  } <\/style><div class=\"wpb_column vc_column_container vc_col-sm-12 text-center liquid-column-69f0b20109c44 liquid-column-responsive-69f0b20109c46\"><div class=\"vc_column-inner  vc_custom_1740089444398\" ><div class=\"wpb_wrapper\"  ><style>.ld_fancy_heading_69f0b20109d47 h1{color:rgb(255, 255, 255);}.ld_fancy_heading_69f0b20109d47 h1 {font-size:46px; } @media (min-width: 768px) { .ld_fancy_heading_69f0b20109d47 h1 {font-size:50px; }  } @media (min-width: 992px) { .ld_fancy_heading_69f0b20109d47 h1 {font-size:68px; }  } @media (min-width: 992px) { .ld_fancy_heading_69f0b20109d47 h1 {line-height:1em; }  } @media (min-width: 992px) { .ld_fancy_heading_69f0b20109d47 h1 {--element-line-height:1em; }  } @media (min-width: 992px) { .ld_fancy_heading_69f0b20109d47 h1 {font-weight:700; }  } .ld_fancy_heading_69f0b20109d47 .lqd-highlight-inner{height:0.275em!important;bottom:0px!important;}.ld_fancy_heading_69f0b20109d47 h1 {font-size:46px; } @media (min-width: 768px) { .ld_fancy_heading_69f0b20109d47 h1 {font-size:50px; }  } @media (min-width: 992px) { .ld_fancy_heading_69f0b20109d47 h1 {font-size:68px; }  } @media (min-width: 992px) { .ld_fancy_heading_69f0b20109d47 h1 {line-height:1em; }  } @media (min-width: 992px) { .ld_fancy_heading_69f0b20109d47 h1 {--element-line-height:1em; }  } @media (min-width: 992px) { .ld_fancy_heading_69f0b20109d47 h1 {font-weight:700; }  } <\/style><div class=\"ld-fancy-heading ld_fancy_heading_69f0b20109d47\">\n\t<h1 class=\"ld-fh-element lqd-highlight-underline lqd-highlight-grow-left text-decoration-default\"   >  Troubadour evenings<\/h1><\/div><\/div><\/div><\/div><\/div><\/div><\/section><style>@media (min-width: 992px) { .liquid-row-responsive-69f0b2010a5c7 {margin-top:30px !important; padding-top:40px !important;  }  }    <\/style><section class=\"vc_row vc_custom_1741549461273 liquid-row-responsive-69f0b2010a5c7 liquid-row-shadowbox-69f0b2010a5d9\"><div class=\"ld-container container\"><div class=\"row ld-row ld-row-outer\"><style>@media (min-width: 992px) { .liquid-column-responsive-69f0b2010a8f3 > .vc_column-inner {margin-bottom:5px !important;  }  } <\/style><div class=\"wpb_column vc_column_container vc_col-sm-12 text-center text-md-left liquid-column-69f0b2010a8f2 liquid-column-responsive-69f0b2010a8f3\"><div class=\"vc_column-inner  vc_custom_1742558136958\" ><div class=\"wpb_wrapper\"  ><style>@media (min-width: 992px) { .liquid-row-responsive-69f0b2010aaed {margin-bottom:20px !important;  }  }  <\/style><div class=\"vc_row vc_inner vc_row-fluid liquid-row-responsive-69f0b2010aaed liquid-row-shadowbox-69f0b2010aafa vc_column-gap-30\"><div class=\"ld-container container-fluid\"><div class=\"row ld-row ld-row-inner\"><div class=\"wpb_column vc_column_container vc_col-sm-6 text-left liquid-column-69f0b2010ad8c\"><div class=\"vc_column-inner\" ><div class=\"wpb_wrapper\" ><style>.ld_fancy_heading_69f0b2010ae60 h2 {font-size:28px; } @media (min-width: 992px) { .ld_fancy_heading_69f0b2010ae60 h2 {font-size:42px; }  } .ld_fancy_heading_69f0b2010ae60 h2 {margin-bottom:0.35em !important;  } .ld_fancy_heading_69f0b2010ae60 .lqd-highlight-inner{height:0.275em!important;bottom:0px!important;}.ld_fancy_heading_69f0b2010ae60 h2 {font-size:28px; } @media (min-width: 992px) { .ld_fancy_heading_69f0b2010ae60 h2 {font-size:42px; }  } .ld_fancy_heading_69f0b2010ae60 h2 {margin-bottom:0.35em !important;  } <\/style><div class=\"ld-fancy-heading text-left ld_fancy_heading_69f0b2010ae60\">\n\t<h2 class=\"ld-fh-element lqd-highlight-underline lqd-highlight-grow-left text-decoration-default\"   >  Welcome to four cosy Fridays with live music<\/h2><\/div><div class=\"vc_separator wpb_content_element vc_separator_align_center vc_sep_width_100 vc_sep_pos_align_center vc_separator_no_text vc_sep_color_grey vc_custom_1742558072156  vc_custom_1742558072156\" ><span class=\"vc_sep_holder vc_sep_holder_l\"><span  class=\"vc_sep_line\"><\/span><\/span><span class=\"vc_sep_holder vc_sep_holder_r\"><span  class=\"vc_sep_line\"><\/span><\/span>\n<\/div><style>.ld_fancy_heading_69f0b2010b613 .lqd-highlight-inner{height:0.275em!important;bottom:0px!important;}<\/style><div class=\"ld-fancy-heading text-left ld_fancy_heading_69f0b2010b613\">\n\t<p class=\"ld-fh-element lqd-highlight-underline lqd-highlight-grow-left text-decoration-default\"   >  <strong>Troubadour evenings in spring 2026<\/strong><\/p>\n<p>Gather your friends and colleagues and book in for the spring troubadour evenings, with a great atmosphere and good music.<\/p>\n<p>Just drop in during the evenings but if you want to be sure to get a seat, pre-book the troubadour evening's majestic barbecue sandwich.<\/p>\n<p><strong>Grill sandwich; Croque monsieur<br \/>\n<\/strong><em>A classic sandwich from French cuisine with smoked ham, gruyere cheese, Dijon mustard and bechamel sauce.<br \/>\nThe croque monsieur is served with a fresh salad with a tart vinaigrette.<br \/>\n<\/em><\/p>\n<p><strong>Vegetarian Grill sandwich; Grilled cheese<\/strong><br \/>\n<em>Caramelised onions, mozzarella cheese, priest cheese and gruyere cheese. Grilled cheese served with a fresh salad with a tangy vinaigrette.<\/em><\/p>\n<p>Please write in the comment when booking which barbecue sandwich you want, so you do not have to wait for the food when you arrive \ud83d\ude42<\/p>\n<p>No entry fee. Age limit 18 years. Open 18-24.<\/p>\n<p>Dates for troubadour evenings:<br \/>\n27 Feb, Troubadour Freddan Jonsson<br \/>\n27 March, Troubadour Stefan Herde<br \/>\n24 April, Troubadour Henke Str\u00f6mberg<br \/>\n29 May, Troubadour Tomas Johansson<\/p>\n<p>Price of the barbecue sandwich (pre-booked directly here on the website): SEK 169<\/p><\/div><style>.ld_button_69f0b2010b8f9.btn-icon-solid .btn-icon{background:rgb(239, 221, 213);}.ld_button_69f0b2010b8f9.btn-icon-circle.btn-icon-ripple .btn-icon:before{border-color:rgb(239, 221, 213);}.ld_button_69f0b2010b8f9.btn-icon-solid:hover .btn-icon{background:rgb(255, 219, 203);}.ld_button_69f0b2010b8f9 .btn-icon{color:rgb(61, 61, 61);font-size:30px;margin-inline-start:12px !important;}.ld_button_69f0b2010b8f9:hover .btn-icon{color:rgb(61, 61, 61);}.ld_button_69f0b2010b8f9{background-color:rgb(239, 221, 213);border-color:rgb(239, 221, 213);color:rgb(61, 61, 61);}.ld_button_69f0b2010b8f9:hover{background-color:rgb(255, 219, 203);border-color:rgb(255, 219, 203);color:rgb(61, 61, 61);}.ld_button_69f0b2010b8f9 .btn-gradient-bg-hover{background:-webkit-linear-gradient(to right, rgb(255, 219, 203) 0%, rgb(255, 219, 203) 100%);background:linear-gradient(to right, rgb(255, 219, 203) 0%, rgb(255, 219, 203) 100%);}.ld_button_69f0b2010b8f9 .btn-gradient-border defs stop:first-child{stop-color:rgb(239, 221, 213);}.ld_button_69f0b2010b8f9 .btn-gradient-border defs stop:last-child{stop-color:rgb(239, 221, 213);}.ld_button_69f0b2010b8f9:hover .btn-gradient-border defs stop:first-child{stop-color:rgb(255, 219, 203);}.ld_button_69f0b2010b8f9:hover .btn-gradient-border defs stop:last-child{stop-color:rgb(255, 219, 203);}.ld_button_69f0b2010b8f9 {font-size:17px; } .ld_button_69f0b2010b8f9 {line-height:2em; } .ld_button_69f0b2010b8f9 {--element-line-height:2em; } .ld_button_69f0b2010b8f9 {font-weight:500; } .ld_button_69f0b2010b8f9 .btn-icon:before{background:rgba(65, 65, 65, 0.1);}.ld_button_69f0b2010b8f9 {font-size:17px; } .ld_button_69f0b2010b8f9 {line-height:2em; } .ld_button_69f0b2010b8f9 {--element-line-height:2em; } .ld_button_69f0b2010b8f9 {font-weight:500; } <\/style><a href=\"https:\/\/app.bokabord.se\/reservation\/?hash=42ae086a817885289a2c3895bbd19716&#038;mealid=54873&#038;amount=&#038;date=&#038;time=\" title=\"Troubadour evening\" class=\"btn btn-solid btn-icon-sep btn-sm circle border-none btn-icon-left btn-has-label ld_button_69f0b2010b8f9 vc_custom_1765540327766\" >\n\t<span>\n\t\n\t\t\t\t\t<span class=\"btn-txt\" data-text=\"Boka bord\" >Book a table<\/span>\n\t\t\n\t<span class=\"btn-icon\"><i class=\"fas fa-glass-cheers\"><\/i><\/span>\t\t\t\t<\/span>\n<\/a>\n<\/div><\/div><\/div><div class=\"wpb_column vc_column_container vc_col-sm-6 liquid-column-69f0b2010bfa4\"><div class=\"vc_column-inner\" ><div class=\"wpb_wrapper\" >\n\t<div  class=\"wpb_single_image wpb_content_element vc_align_  liquid_vc_single_image-69f0b2010c36b\">\n\t\t\n\t\t<figure class=\"wpb_wrapper vc_figure\">\n\t\t\t<div class=\"vc_single_image-wrapper vc_box_rounded\"><img loading=\"lazy\" decoding=\"async\" width=\"800\" height=\"600\" src=\"https:\/\/smalandsstenarhotell.se\/wp-content\/uploads\/2025\/03\/trubadurevent.jpg\" class=\"vc_single_image-img attachment-full\" alt=\"\" title=\"troubadour event\" srcset=\"https:\/\/smalandsstenarhotell.se\/wp-content\/uploads\/2025\/03\/trubadurevent.jpg 800w, https:\/\/smalandsstenarhotell.se\/wp-content\/uploads\/2025\/03\/trubadurevent-300x225.jpg 300w, https:\/\/smalandsstenarhotell.se\/wp-content\/uploads\/2025\/03\/trubadurevent-16x12.jpg 16w\" sizes=\"auto, (max-width: 800px) 100vw, 800px\" \/><\/div>\n\t\t<\/figure>\n\t<\/div>\n<\/div><\/div><\/div><\/div><\/div><\/div><\/div><\/div><\/div><\/div><\/div><\/section>","protected":false},"excerpt":{"rendered":"Trubadurkv\u00e4llar V\u00e4lkommen till fyra sk\u00f6na fredagar med livemusik Trubadurkv\u00e4llar v\u00e5ren 2026 Samla v\u00e4nner, kollegor och boka in er p\u00e5 v\u00e5rens trubadurkv\u00e4llar, med riktigt sk\u00f6n st\u00e4mning och bra musik. Det \u00e4r bara att droppa in under kv\u00e4llarna men vill ni vara s\u00e4kra p\u00e5 att f\u00e5 en sittplats s\u00e5 f\u00f6rbokar ni trubadurkv\u00e4llens maffiga grillmacka. Grillmacka; Croque monsieur [...]","protected":false},"author":2,"featured_media":0,"parent":1378,"menu_order":0,"comment_status":"closed","ping_status":"closed","template":"","meta":{"footnotes":""},"class_list":["post-3224","page","type-page","status-publish","hentry"],"_links":{"self":[{"href":"https:\/\/smalandsstenarhotell.se\/en\/wp-json\/wp\/v2\/pages\/3224","targetHints":{"allow":["GET"]}}],"collection":[{"href":"https:\/\/smalandsstenarhotell.se\/en\/wp-json\/wp\/v2\/pages"}],"about":[{"href":"https:\/\/smalandsstenarhotell.se\/en\/wp-json\/wp\/v2\/types\/page"}],"author":[{"embeddable":true,"href":"https:\/\/smalandsstenarhotell.se\/en\/wp-json\/wp\/v2\/users\/2"}],"replies":[{"embeddable":true,"href":"https:\/\/smalandsstenarhotell.se\/en\/wp-json\/wp\/v2\/comments?post=3224"}],"version-history":[{"count":6,"href":"https:\/\/smalandsstenarhotell.se\/en\/wp-json\/wp\/v2\/pages\/3224\/revisions"}],"predecessor-version":[{"id":3405,"href":"https:\/\/smalandsstenarhotell.se\/en\/wp-json\/wp\/v2\/pages\/3224\/revisions\/3405"}],"up":[{"embeddable":true,"href":"https:\/\/smalandsstenarhotell.se\/en\/wp-json\/wp\/v2\/pages\/1378"}],"wp:attachment":[{"href":"https:\/\/smalandsstenarhotell.se\/en\/wp-json\/wp\/v2\/media?parent=3224"}],"curies":[{"name":"wp","href":"https:\/\/api.w.org\/{rel}","templated":true}]}}